{"id":9,"date":"2017-09-03T12:15:45","date_gmt":"2017-09-03T12:15:45","guid":{"rendered":"http:\/\/www.barmanero.es\/alicante\/?page_id=9"},"modified":"2020-03-11T13:57:58","modified_gmt":"2020-03-11T12:57:58","slug":"trabaja_con_nosotros","status":"publish","type":"page","link":"https:\/\/barmanero.es\/nuevaweb\/trabaja_con_nosotros\/","title":{"rendered":"Trabaja con nosotros"},"content":{"rendered":"<p>[vc_row type=&#8221;in_container&#8221; full_screen_row_position=&#8221;middle&#8221; scene_position=&#8221;center&#8221; text_color=&#8221;dark&#8221; text_align=&#8221;left&#8221; overlay_strength=&#8221;0.3&#8243;][vc_column column_padding=&#8221;no-extra-padding&#8221; column_padding_position=&#8221;all&#8221; background_color_opacity=&#8221;1&#8243; background_hover_color_opacity=&#8221;1&#8243; column_shadow=&#8221;none&#8221; tablet_text_alignment=&#8221;default&#8221; phone_text_alignment=&#8221;default&#8221; column_border_width=&#8221;none&#8221; column_border_style=&#8221;solid&#8221;][vc_column_text]<\/p>\n<h3>\u00bfQuieres formar parte de nuestro equipo?<\/h3>\n<h4>D\u00e9janos tus datos y adjunta un PDF con tu Curriculum Vitae, te tendremos en cuenta en los futuros procesos de selecci\u00f3n de personal.<\/h4>\n<p>[\/vc_column_text][vc_row_inner column_margin=&#8221;default&#8221; text_align=&#8221;left&#8221;][vc_column_inner column_padding=&#8221;no-extra-padding&#8221; column_padding_position=&#8221;all&#8221; background_color_opacity=&#8221;1&#8243; column_border_width=&#8221;none&#8221; column_border_style=&#8221;solid&#8221;]\n<div class=\"wpcf7 no-js\" id=\"wpcf7-f521-o1\" lang=\"es-ES\" dir=\"ltr\" data-wpcf7-id=\"521\">\n<div class=\"screen-reader-response\"><p role=\"status\" aria-live=\"polite\" aria-atomic=\"true\"><\/p> <ul><\/ul><\/div>\n<form action=\"\/nuevaweb\/wp-json\/wp\/v2\/pages\/9#wpcf7-f521-o1\" method=\"post\" class=\"wpcf7-form init\" aria-label=\"Formulario de contacto\" enctype=\"multipart\/form-data\" novalidate=\"novalidate\" data-status=\"init\">\n<div style=\"display: none;\">\n<input type=\"hidden\" name=\"_wpcf7\" value=\"521\" \/>\n<input type=\"hidden\" name=\"_wpcf7_version\" value=\"6.0.6\" \/>\n<input type=\"hidden\" name=\"_wpcf7_locale\" value=\"es_ES\" \/>\n<input type=\"hidden\" name=\"_wpcf7_unit_tag\" value=\"wpcf7-f521-o1\" \/>\n<input type=\"hidden\" name=\"_wpcf7_container_post\" value=\"0\" \/>\n<input type=\"hidden\" name=\"_wpcf7_posted_data_hash\" value=\"\" \/>\n<input type=\"hidden\" name=\"_wpcf7_recaptcha_response\" value=\"\" \/>\n<\/div>\n<p><label> Nombre y Apellido (requerido)<br \/>\n<span class=\"wpcf7-form-control-wrap\" data-name=\"your-name\"><input size=\"40\" maxlength=\"400\" class=\"wpcf7-form-control wpcf7-text wpcf7-validates-as-required\" aria-required=\"true\" aria-invalid=\"false\" value=\"\" type=\"text\" name=\"your-name\" \/><\/span> <\/label>\n<\/p>\n<p><label> Tu correo electr\u00f3nico (requerido)<br \/>\n<span class=\"wpcf7-form-control-wrap\" data-name=\"your-email\"><input size=\"40\" maxlength=\"400\" class=\"wpcf7-form-control wpcf7-email wpcf7-validates-as-required wpcf7-text wpcf7-validates-as-email\" aria-required=\"true\" aria-invalid=\"false\" value=\"\" type=\"email\" name=\"your-email\" \/><\/span> <\/label>\n<\/p>\n<p><label> Asunto<br \/>\n<span class=\"wpcf7-form-control-wrap\" data-name=\"your-subject\"><input size=\"40\" maxlength=\"400\" class=\"wpcf7-form-control wpcf7-text\" aria-invalid=\"false\" value=\"\" type=\"text\" name=\"your-subject\" \/><\/span> <\/label>\n<\/p>\n<p><label> Carta de Presentaci\u00f3n<br \/>\n<span class=\"wpcf7-form-control-wrap\" data-name=\"your-message\"><textarea cols=\"40\" rows=\"10\" maxlength=\"2000\" class=\"wpcf7-form-control wpcf7-textarea\" aria-invalid=\"false\" name=\"your-message\"><\/textarea><\/span> <\/label>\n<\/p>\n<p><label>Pdf con tu C.V.<br \/>\n<span class=\"wpcf7-form-control-wrap\" data-name=\"pdf-adjunto\"><input size=\"40\" class=\"wpcf7-form-control wpcf7-file\" id=\"pdf\" accept=\".pdf\" aria-invalid=\"false\" type=\"file\" name=\"pdf-adjunto\" \/><\/span> <\/label>\n<\/p>\n<p><input class=\"wpcf7-form-control wpcf7-submit has-spinner\" type=\"submit\" value=\"Enviar\" \/>\n<\/p>\n<p><label> <span class=\"wpcf7-form-control-wrap\" data-name=\"Acepta\"><span class=\"wpcf7-form-control wpcf7-acceptance\"><span class=\"wpcf7-list-item\"><input type=\"checkbox\" name=\"Acepta\" value=\"1\" aria-invalid=\"false\" \/><\/span><\/span><\/span> Acepta los t\u00e9rminos y condiciones citadas a continuaci\u00f3n.<br \/>\n<\/label>\n<\/p><div class=\"wpcf7-response-output\" aria-hidden=\"true\"><\/div>\n<\/form>\n<\/div>\n[\/vc_column_inner][\/vc_row_inner][vc_column_text]<\/p>\n<h6>Seg\u00fan lo previsto en la Ley 34\/2002 de Servicios de la Sociedad de la Informaci\u00f3n y de Comercio Electr\u00f3nico, as\u00ed como en la Ley Org\u00e1nica 15\/1999 del 13 de Diciembre, de Protecci\u00f3n de Datos de Car\u00e1cter Personal, le informamos que los datos completados en este formulario figurar\u00e1n en nuestros archivos, con el objeto exclusivo de remitirle informaci\u00f3n sobre actividades promovidas por Gastroportal S.L. \u00a0y sus marcas comerciales o bien participar en los procesos de selecci\u00f3n de personal. Usted puede en cualquier momento ejercitar su derecho de acceder, rectificar y, en su caso, cancelar sus datos personales respondiendo este correo electr\u00f3nico e indic\u00e1ndonos la operaci\u00f3n a realizar. Si no desea en lo sucesivo recibir correos electr\u00f3nicos de este tipo, responda con BAJA al siguiente correo electr\u00f3nico <a href=\"mailto:hola@barmanero.es\">hola@barmanero.es<\/a><\/h6>\n<p>[\/vc_column_text][\/vc_column][\/vc_row]<\/p>\n","protected":false},"excerpt":{"rendered":"<p>[vc_row type=&#8221;in_container&#8221; full_screen_row_position=&#8221;middle&#8221; scene_position=&#8221;center&#8221; text_color=&#8221;dark&#8221; text_align=&#8221;left&#8221; overlay_strength=&#8221;0.3&#8243;][vc_column column_padding=&#8221;no-extra-padding&#8221; column_padding_position=&#8221;all&#8221; background_color_opacity=&#8221;1&#8243; background_hover_color_opacity=&#8221;1&#8243; column_shadow=&#8221;none&#8221; tablet_text_alignment=&#8221;default&#8221; phone_text_alignment=&#8221;default&#8221; column_border_width=&#8221;none&#8221; column_border_style=&#8221;solid&#8221;][vc_column_text] \u00bfQuieres formar parte de nuestro equipo? D\u00e9janos tus datos y adjunta un PDF con tu Curriculum Vitae, te tendremos en cuenta en los futuros procesos de selecci\u00f3n de personal. [\/vc_column_text][vc_row_inner column_margin=&#8221;default&#8221; text_align=&#8221;left&#8221;][vc_column_inner column_padding=&#8221;no-extra-padding&#8221; column_padding_position=&#8221;all&#8221; background_color_opacity=&#8221;1&#8243; column_border_width=&#8221;none&#8221; column_border_style=&#8221;solid&#8221;][\/vc_column_inner][\/vc_row_inner][vc_column_text] Seg\u00fan lo [&hellip;]<\/p>\n","protected":false},"author":5,"featured_media":0,"parent":0,"menu_order":0,"comment_status":"closed","ping_status":"closed","template":"","meta":{"_acf_changed":false,"footnotes":""},"class_list":["post-9","page","type-page","status-publish","hentry"],"acf":[],"yoast_head":"<!-- This site is optimized with the Yoast SEO plugin v24.9 - https:\/\/yoast.com\/wordpress\/plugins\/seo\/ -->\n<title>Trabaja con nosotros - Bar MANERO \u00b7 Tapas | Bar | Delicatessen<\/title>\n<meta name=\"robots\" content=\"index, follow, max-snippet:-1, max-image-preview:large, max-video-preview:-1\" \/>\n<link rel=\"canonical\" href=\"https:\/\/barmanero.es\/nuevaweb\/trabaja_con_nosotros\/\" \/>\n<meta property=\"og:locale\" content=\"en_US\" \/>\n<meta property=\"og:type\" content=\"article\" \/>\n<meta property=\"og:title\" content=\"Trabaja con nosotros - Bar MANERO \u00b7 Tapas | Bar | Delicatessen\" \/>\n<meta property=\"og:description\" content=\"[vc_row type=&#8221;in_container&#8221; full_screen_row_position=&#8221;middle&#8221; scene_position=&#8221;center&#8221; text_color=&#8221;dark&#8221; text_align=&#8221;left&#8221; overlay_strength=&#8221;0.3&#8243;][vc_column column_padding=&#8221;no-extra-padding&#8221; column_padding_position=&#8221;all&#8221; background_color_opacity=&#8221;1&#8243; background_hover_color_opacity=&#8221;1&#8243; column_shadow=&#8221;none&#8221; tablet_text_alignment=&#8221;default&#8221; phone_text_alignment=&#8221;default&#8221; column_border_width=&#8221;none&#8221; column_border_style=&#8221;solid&#8221;][vc_column_text] \u00bfQuieres formar parte de nuestro equipo? D\u00e9janos tus datos y adjunta un PDF con tu Curriculum Vitae, te tendremos en cuenta en los futuros procesos de selecci\u00f3n de personal. [\/vc_column_text][vc_row_inner column_margin=&#8221;default&#8221; text_align=&#8221;left&#8221;][vc_column_inner column_padding=&#8221;no-extra-padding&#8221; column_padding_position=&#8221;all&#8221; background_color_opacity=&#8221;1&#8243; column_border_width=&#8221;none&#8221; column_border_style=&#8221;solid&#8221;][\/vc_column_inner][\/vc_row_inner][vc_column_text] Seg\u00fan lo [&hellip;]\" \/>\n<meta property=\"og:url\" content=\"https:\/\/barmanero.es\/nuevaweb\/trabaja_con_nosotros\/\" \/>\n<meta property=\"og:site_name\" content=\"Bar MANERO \u00b7 Tapas | Bar | Delicatessen\" \/>\n<meta property=\"article:modified_time\" content=\"2020-03-11T12:57:58+00:00\" \/>\n<meta name=\"twitter:card\" content=\"summary_large_image\" \/>\n<meta name=\"twitter:label1\" content=\"Est. reading time\" \/>\n\t<meta name=\"twitter:data1\" content=\"1 minute\" \/>\n<script type=\"application\/ld+json\" class=\"yoast-schema-graph\">{\"@context\":\"https:\/\/schema.org\",\"@graph\":[{\"@type\":\"WebPage\",\"@id\":\"https:\/\/barmanero.es\/nuevaweb\/trabaja_con_nosotros\/\",\"url\":\"https:\/\/barmanero.es\/nuevaweb\/trabaja_con_nosotros\/\",\"name\":\"Trabaja con nosotros - Bar MANERO \u00b7 Tapas | Bar | Delicatessen\",\"isPartOf\":{\"@id\":\"https:\/\/barmanero.es\/nuevaweb\/#website\"},\"datePublished\":\"2017-09-03T12:15:45+00:00\",\"dateModified\":\"2020-03-11T12:57:58+00:00\",\"breadcrumb\":{\"@id\":\"https:\/\/barmanero.es\/nuevaweb\/trabaja_con_nosotros\/#breadcrumb\"},\"inLanguage\":\"en-US\",\"potentialAction\":[{\"@type\":\"ReadAction\",\"target\":[\"https:\/\/barmanero.es\/nuevaweb\/trabaja_con_nosotros\/\"]}]},{\"@type\":\"BreadcrumbList\",\"@id\":\"https:\/\/barmanero.es\/nuevaweb\/trabaja_con_nosotros\/#breadcrumb\",\"itemListElement\":[{\"@type\":\"ListItem\",\"position\":1,\"name\":\"Portada\",\"item\":\"https:\/\/barmanero.es\/nuevaweb\/\"},{\"@type\":\"ListItem\",\"position\":2,\"name\":\"Trabaja con nosotros\"}]},{\"@type\":\"WebSite\",\"@id\":\"https:\/\/barmanero.es\/nuevaweb\/#website\",\"url\":\"https:\/\/barmanero.es\/nuevaweb\/\",\"name\":\"Bar MANERO \u00b7 Tapas | Bar | Delicatessen\",\"description\":\"Bar de Tapas y Delicatessen en Alicante. Te enamorar\u00e1 la exquisita decoraci\u00f3n y sus productos seleccionados. Amplia carta de vino por copas.\",\"publisher\":{\"@id\":\"https:\/\/barmanero.es\/nuevaweb\/#organization\"},\"potentialAction\":[{\"@type\":\"SearchAction\",\"target\":{\"@type\":\"EntryPoint\",\"urlTemplate\":\"https:\/\/barmanero.es\/nuevaweb\/?s={search_term_string}\"},\"query-input\":{\"@type\":\"PropertyValueSpecification\",\"valueRequired\":true,\"valueName\":\"search_term_string\"}}],\"inLanguage\":\"en-US\"},{\"@type\":\"Organization\",\"@id\":\"https:\/\/barmanero.es\/nuevaweb\/#organization\",\"name\":\"Bar MANERO \u00b7 Tapas | Bar | Delicatessen\",\"url\":\"https:\/\/barmanero.es\/nuevaweb\/\",\"logo\":{\"@type\":\"ImageObject\",\"inLanguage\":\"en-US\",\"@id\":\"https:\/\/barmanero.es\/nuevaweb\/#\/schema\/logo\/image\/\",\"url\":\"https:\/\/barmanero.es\/nuevaweb\/wp-content\/uploads\/2019\/07\/Logo-Manero-portada-2.png\",\"contentUrl\":\"https:\/\/barmanero.es\/nuevaweb\/wp-content\/uploads\/2019\/07\/Logo-Manero-portada-2.png\",\"width\":340,\"height\":233,\"caption\":\"Bar MANERO \u00b7 Tapas | Bar | Delicatessen\"},\"image\":{\"@id\":\"https:\/\/barmanero.es\/nuevaweb\/#\/schema\/logo\/image\/\"}}]}<\/script>\n<!-- \/ Yoast SEO plugin. -->","yoast_head_json":{"title":"Trabaja con nosotros - Bar MANERO \u00b7 Tapas | Bar | Delicatessen","robots":{"index":"index","follow":"follow","max-snippet":"max-snippet:-1","max-image-preview":"max-image-preview:large","max-video-preview":"max-video-preview:-1"},"canonical":"https:\/\/barmanero.es\/nuevaweb\/trabaja_con_nosotros\/","og_locale":"en_US","og_type":"article","og_title":"Trabaja con nosotros - Bar MANERO \u00b7 Tapas | Bar | Delicatessen","og_description":"[vc_row type=&#8221;in_container&#8221; full_screen_row_position=&#8221;middle&#8221; scene_position=&#8221;center&#8221; text_color=&#8221;dark&#8221; text_align=&#8221;left&#8221; overlay_strength=&#8221;0.3&#8243;][vc_column column_padding=&#8221;no-extra-padding&#8221; column_padding_position=&#8221;all&#8221; background_color_opacity=&#8221;1&#8243; background_hover_color_opacity=&#8221;1&#8243; column_shadow=&#8221;none&#8221; tablet_text_alignment=&#8221;default&#8221; phone_text_alignment=&#8221;default&#8221; column_border_width=&#8221;none&#8221; column_border_style=&#8221;solid&#8221;][vc_column_text] \u00bfQuieres formar parte de nuestro equipo? D\u00e9janos tus datos y adjunta un PDF con tu Curriculum Vitae, te tendremos en cuenta en los futuros procesos de selecci\u00f3n de personal. [\/vc_column_text][vc_row_inner column_margin=&#8221;default&#8221; text_align=&#8221;left&#8221;][vc_column_inner column_padding=&#8221;no-extra-padding&#8221; column_padding_position=&#8221;all&#8221; background_color_opacity=&#8221;1&#8243; column_border_width=&#8221;none&#8221; column_border_style=&#8221;solid&#8221;][\/vc_column_inner][\/vc_row_inner][vc_column_text] Seg\u00fan lo [&hellip;]","og_url":"https:\/\/barmanero.es\/nuevaweb\/trabaja_con_nosotros\/","og_site_name":"Bar MANERO \u00b7 Tapas | Bar | Delicatessen","article_modified_time":"2020-03-11T12:57:58+00:00","twitter_card":"summary_large_image","twitter_misc":{"Est. reading time":"1 minute"},"schema":{"@context":"https:\/\/schema.org","@graph":[{"@type":"WebPage","@id":"https:\/\/barmanero.es\/nuevaweb\/trabaja_con_nosotros\/","url":"https:\/\/barmanero.es\/nuevaweb\/trabaja_con_nosotros\/","name":"Trabaja con nosotros - Bar MANERO \u00b7 Tapas | Bar | Delicatessen","isPartOf":{"@id":"https:\/\/barmanero.es\/nuevaweb\/#website"},"datePublished":"2017-09-03T12:15:45+00:00","dateModified":"2020-03-11T12:57:58+00:00","breadcrumb":{"@id":"https:\/\/barmanero.es\/nuevaweb\/trabaja_con_nosotros\/#breadcrumb"},"inLanguage":"en-US","potentialAction":[{"@type":"ReadAction","target":["https:\/\/barmanero.es\/nuevaweb\/trabaja_con_nosotros\/"]}]},{"@type":"BreadcrumbList","@id":"https:\/\/barmanero.es\/nuevaweb\/trabaja_con_nosotros\/#breadcrumb","itemListElement":[{"@type":"ListItem","position":1,"name":"Portada","item":"https:\/\/barmanero.es\/nuevaweb\/"},{"@type":"ListItem","position":2,"name":"Trabaja con nosotros"}]},{"@type":"WebSite","@id":"https:\/\/barmanero.es\/nuevaweb\/#website","url":"https:\/\/barmanero.es\/nuevaweb\/","name":"Bar MANERO \u00b7 Tapas | Bar | Delicatessen","description":"Bar de Tapas y Delicatessen en Alicante. Te enamorar\u00e1 la exquisita decoraci\u00f3n y sus productos seleccionados. Amplia carta de vino por copas.","publisher":{"@id":"https:\/\/barmanero.es\/nuevaweb\/#organization"},"potentialAction":[{"@type":"SearchAction","target":{"@type":"EntryPoint","urlTemplate":"https:\/\/barmanero.es\/nuevaweb\/?s={search_term_string}"},"query-input":{"@type":"PropertyValueSpecification","valueRequired":true,"valueName":"search_term_string"}}],"inLanguage":"en-US"},{"@type":"Organization","@id":"https:\/\/barmanero.es\/nuevaweb\/#organization","name":"Bar MANERO \u00b7 Tapas | Bar | Delicatessen","url":"https:\/\/barmanero.es\/nuevaweb\/","logo":{"@type":"ImageObject","inLanguage":"en-US","@id":"https:\/\/barmanero.es\/nuevaweb\/#\/schema\/logo\/image\/","url":"https:\/\/barmanero.es\/nuevaweb\/wp-content\/uploads\/2019\/07\/Logo-Manero-portada-2.png","contentUrl":"https:\/\/barmanero.es\/nuevaweb\/wp-content\/uploads\/2019\/07\/Logo-Manero-portada-2.png","width":340,"height":233,"caption":"Bar MANERO \u00b7 Tapas | Bar | Delicatessen"},"image":{"@id":"https:\/\/barmanero.es\/nuevaweb\/#\/schema\/logo\/image\/"}}]}},"_links":{"self":[{"href":"https:\/\/barmanero.es\/nuevaweb\/wp-json\/wp\/v2\/pages\/9","targetHints":{"allow":["GET"]}}],"collection":[{"href":"https:\/\/barmanero.es\/nuevaweb\/wp-json\/wp\/v2\/pages"}],"about":[{"href":"https:\/\/barmanero.es\/nuevaweb\/wp-json\/wp\/v2\/types\/page"}],"author":[{"embeddable":true,"href":"https:\/\/barmanero.es\/nuevaweb\/wp-json\/wp\/v2\/users\/5"}],"replies":[{"embeddable":true,"href":"https:\/\/barmanero.es\/nuevaweb\/wp-json\/wp\/v2\/comments?post=9"}],"version-history":[{"count":14,"href":"https:\/\/barmanero.es\/nuevaweb\/wp-json\/wp\/v2\/pages\/9\/revisions"}],"predecessor-version":[{"id":1368,"href":"https:\/\/barmanero.es\/nuevaweb\/wp-json\/wp\/v2\/pages\/9\/revisions\/1368"}],"wp:attachment":[{"href":"https:\/\/barmanero.es\/nuevaweb\/wp-json\/wp\/v2\/media?parent=9"}],"curies":[{"name":"wp","href":"https:\/\/api.w.org\/{rel}","templated":true}]}}