{"id":6638,"date":"2024-08-19T10:09:21","date_gmt":"2024-08-19T08:09:21","guid":{"rendered":"https:\/\/barmanero.es\/nuevaweb\/?page_id=6638"},"modified":"2024-09-25T17:08:08","modified_gmt":"2024-09-25T15:08:08","slug":"marques-de-cubas","status":"publish","type":"page","link":"https:\/\/barmanero.es\/nuevaweb\/marques-de-cubas\/","title":{"rendered":"Marqu\u00e9s de Cubas"},"content":{"rendered":"<div style=\"height:175px\" aria-hidden=\"true\" class=\"wp-block-spacer\"><\/div><div class=\"wp-block-group menuMargin is-layout-grid wp-container-core-group-is-layout-4 wp-block-group-is-layout-grid\"><div class=\"wp-block-group\"><div class=\"wp-block-group__inner-container is-layout-constrained wp-block-group-is-layout-constrained\"><div class=\"wp-block-group\"><div class=\"wp-block-group__inner-container is-layout-constrained wp-block-group-is-layout-constrained\"><div class=\"wp-block-columns are-vertically-aligned-bottom headplace is-layout-flex wp-container-core-columns-is-layout-1 wp-block-columns-is-layout-flex\"><div class=\"wp-block-column is-layout-flow wp-block-column-is-layout-flow\" style=\"flex-basis:100%\"><div class=\"wp-block-group gridnamePage is-layout-grid wp-container-core-group-is-layout-1 wp-block-group-is-layout-grid\"><h2 class=\"wp-block-heading has-text-align-left h2vco has-white-color has-text-color has-link-color wp-elements-8287abb6e732f323c1130c532d384c2b\" style=\"text-transform:uppercase\">Marqu\u00e9s de Cubas<\/h2>\n\n<p class=\"has-text-align-left headplazeBtn reservaBtn\"><mark style=\"background-color:#86764e\" class=\"has-inline-color\"><a href=\"#reserva-maneroAlicanteMolla\">Reserva<\/a><\/mark><\/p><\/div><\/div><\/div><\/div><\/div><\/div><\/div>\n\n<div class=\"gridLayout\">\n\n<div style=\"display: flex;align-items: center;\"><div style=\"width: 50%;text-align: left;display:flex;\"><img decoding=\"async\" style=\"width:16px;margin-right: 5px;\" src=\"https:\/\/barmanero.es\/nuevaweb\/wp-content\/uploads\/2024\/07\/icono-localizacion.svg\" \/>MADRID<\/div>\n<div style=\"width: 50%;text-align: right;\">+34 965 14 44 44<\/div><\/div>\n<div style=\"width: auto;\">C. del Marqu\u00e9s de Cubas, 14, Centro, 28014 Madrid<\/div>\n\n<\/div><\/div><div style=\"height:100px\" aria-hidden=\"true\" class=\"wp-block-spacer\"><\/div><div class=\"wp-block-cover has-parallax img_manero_cover wp-duotone-unset-1\"><span aria-hidden=\"true\" class=\"wp-block-cover__background has-background-dim-0 has-background-dim\" style=\"background-color:#6a4726\"><\/span><div class=\"wp-block-cover__image-background wp-image-6821 has-parallax\" style=\"background-position:50% 50%;background-image:url(https:\/\/barmanero.es\/nuevaweb\/wp-content\/uploads\/2024\/09\/IMAGEN-BANNER.jpg)\"><\/div><div class=\"wp-block-cover__inner-container is-layout-flow wp-block-cover-is-layout-flow\"><p class=\"has-text-align-center has-large-font-size\"><\/p><\/div><\/div><div class=\"wp-block-group\"><div class=\"wp-block-group__inner-container is-layout-constrained wp-block-group-is-layout-constrained\"><div style=\"height:100px\" aria-hidden=\"true\" class=\"wp-block-spacer\"><\/div>\n\n<div class=\"wp-block-columns are-vertically-aligned-center blqinfoJ fullw is-layout-flex wp-container-core-columns-is-layout-2 wp-block-columns-is-layout-flex\"><div class=\"wp-block-column is-vertically-aligned-center is-layout-flow wp-block-column-is-layout-flow\" style=\"flex-basis:40%\"><div class=\"wp-block-group textoFullw\"><div class=\"wp-block-group__inner-container is-layout-constrained wp-block-group-is-layout-constrained\"><h2 class=\"wp-block-heading has-text-align-left h2vco has-white-color has-text-color has-link-color wp-elements-8c8ded6748cc0b75c41f9c1c1418d0c5\" style=\"text-transform:uppercase\">MANERO BAR<\/h2>\n\n<p>Manero es un bar boutique, una taberna renovada y una vermuter\u00eda. Es un local castizo donde disfrutar de copas y tapas tradicionales con un toque gourmet. <\/p>\n\n<p>Todo esto se encuentra en un espacio espectacular que combina la decoraci\u00f3n modernista con el estilo Art Nouveau.<\/p>\n\n<p>Se encuentra junto a la zona gastro de moda de parque del Retiro, en el barrio de Salamanca y a un paso de la Puerta de Alcala\u0301.<\/p>\n\n<div class=\"wp-block-group dropdownFilas\"><div class=\"wp-block-group__inner-container is-layout-constrained wp-block-group-is-layout-constrained\">\n\n\n\n<\/div><\/div><\/div><\/div><\/div>\n\n<div class=\"wp-block-column is-vertically-aligned-center is-layout-flow wp-block-column-is-layout-flow\" style=\"flex-basis:60%\"><\/div><\/div>\n\n<div style=\"height:100px\" aria-hidden=\"true\" class=\"wp-block-spacer\"><\/div><\/div><\/div><div class=\"wp-block-group\"><div class=\"wp-block-group__inner-container is-layout-constrained wp-block-group-is-layout-constrained\"><div class=\"wp-block-columns are-vertically-aligned-center blqinfoJ fullw is-layout-flex wp-container-core-columns-is-layout-3 wp-block-columns-is-layout-flex\"><div class=\"wp-block-column is-vertically-aligned-center is-layout-flow wp-block-column-is-layout-flow\" style=\"flex-basis:50%\"><div class=\"wp-block-cover aligncenter\" style=\"min-height:60vh;aspect-ratio:unset;\"><span aria-hidden=\"true\" class=\"wp-block-cover__background has-background-dim-0 has-background-dim\" style=\"background-color:#6e5643\"><\/span><img fetchpriority=\"high\" decoding=\"async\" width=\"1920\" height=\"1628\" class=\"wp-block-cover__image-background wp-image-6857\" alt=\"\" src=\"https:\/\/barmanero.es\/nuevaweb\/wp-content\/uploads\/2024\/09\/BAR-MANERO-MARQUES-DE-CUBAS0022-2.jpg\" data-object-fit=\"cover\" srcset=\"https:\/\/barmanero.es\/nuevaweb\/wp-content\/uploads\/2024\/09\/BAR-MANERO-MARQUES-DE-CUBAS0022-2.jpg 1920w, https:\/\/barmanero.es\/nuevaweb\/wp-content\/uploads\/2024\/09\/BAR-MANERO-MARQUES-DE-CUBAS0022-2-300x254.jpg 300w, https:\/\/barmanero.es\/nuevaweb\/wp-content\/uploads\/2024\/09\/BAR-MANERO-MARQUES-DE-CUBAS0022-2-1024x868.jpg 1024w, https:\/\/barmanero.es\/nuevaweb\/wp-content\/uploads\/2024\/09\/BAR-MANERO-MARQUES-DE-CUBAS0022-2-768x651.jpg 768w, https:\/\/barmanero.es\/nuevaweb\/wp-content\/uploads\/2024\/09\/BAR-MANERO-MARQUES-DE-CUBAS0022-2-1536x1302.jpg 1536w, https:\/\/barmanero.es\/nuevaweb\/wp-content\/uploads\/2024\/09\/BAR-MANERO-MARQUES-DE-CUBAS0022-2-600x509.jpg 600w\" sizes=\"(max-width: 1920px) 100vw, 1920px\" \/><div class=\"wp-block-cover__inner-container is-layout-flow wp-block-cover-is-layout-flow\"><p class=\"has-text-align-center has-large-font-size\"><\/p><\/div><\/div><\/div>\n\n<div class=\"wp-block-column is-vertically-aligned-center is-layout-flow wp-block-column-is-layout-flow\" style=\"flex-basis:45%\"><div class=\"wp-block-group textoFullw\"><div class=\"wp-block-group__inner-container is-layout-constrained wp-block-group-is-layout-constrained\"><h2 class=\"wp-block-heading has-text-align-left h2vco has-white-color has-text-color has-link-color wp-elements-8855d6efeb9d5888e0ce644e53731065\" style=\"text-transform:uppercase\">La Barra<\/h2>\n\n<p>Nuestra barra es el coraz\u00f3n de Manero, donde se sirven los mejores c\u00f3cteles, una exquisita selecci\u00f3n de vinos y champagne.<br><br>Cada detalle de la decoraci\u00f3n ha sido cuidadosamente seleccionado, ofreciendo un ambiente de un gusto infinito. Disfruta de nuestros productos premium y vive una experiencia \u00fanica en Manero Claudio Coello.<\/p><\/div><\/div><\/div><\/div>\n\n<div style=\"height:100px\" aria-hidden=\"true\" class=\"wp-block-spacer\"><\/div>\n\n<div class=\"wp-block-cover\" style=\"min-height:70vh;aspect-ratio:unset;\"><span aria-hidden=\"true\" class=\"wp-block-cover__background has-background-dim-0 has-background-dim\" style=\"background-color:#662514\"><\/span><img decoding=\"async\" width=\"2008\" height=\"1517\" class=\"wp-block-cover__image-background wp-image-6858\" alt=\"\" src=\"https:\/\/barmanero.es\/nuevaweb\/wp-content\/uploads\/2024\/09\/MANERO-BISTRO10003-2.jpg\" data-object-fit=\"cover\" srcset=\"https:\/\/barmanero.es\/nuevaweb\/wp-content\/uploads\/2024\/09\/MANERO-BISTRO10003-2.jpg 2008w, https:\/\/barmanero.es\/nuevaweb\/wp-content\/uploads\/2024\/09\/MANERO-BISTRO10003-2-300x227.jpg 300w, https:\/\/barmanero.es\/nuevaweb\/wp-content\/uploads\/2024\/09\/MANERO-BISTRO10003-2-1024x774.jpg 1024w, https:\/\/barmanero.es\/nuevaweb\/wp-content\/uploads\/2024\/09\/MANERO-BISTRO10003-2-768x580.jpg 768w, https:\/\/barmanero.es\/nuevaweb\/wp-content\/uploads\/2024\/09\/MANERO-BISTRO10003-2-1536x1160.jpg 1536w, https:\/\/barmanero.es\/nuevaweb\/wp-content\/uploads\/2024\/09\/MANERO-BISTRO10003-2-600x453.jpg 600w\" sizes=\"(max-width: 2008px) 100vw, 2008px\" \/><div class=\"wp-block-cover__inner-container is-layout-flow wp-block-cover-is-layout-flow\"><p class=\"has-text-align-center has-large-font-size\"><\/p><\/div><\/div><\/div><\/div><div class=\"wp-block-group\"><div class=\"wp-block-group__inner-container is-layout-constrained wp-block-group-is-layout-constrained\"><div style=\"height:100px\" aria-hidden=\"true\" class=\"wp-block-spacer\"><\/div>\n\n<div class=\"wp-block-columns are-vertically-aligned-center blqinfoJ fullw is-layout-flex wp-container-core-columns-is-layout-4 wp-block-columns-is-layout-flex\"><div class=\"wp-block-column is-vertically-aligned-center is-layout-flow wp-block-column-is-layout-flow\" style=\"flex-basis:40%\"><div class=\"wp-block-group textoFullw\"><div class=\"wp-block-group__inner-container is-layout-constrained wp-block-group-is-layout-constrained\"><h2 class=\"wp-block-heading has-text-align-left h2vco has-white-color has-text-color has-link-color wp-elements-bc22dde67c1926979da8a6cf30527597\" style=\"text-transform:uppercase\">Speakeasy<\/h2>\n\n<p>Es el espacio perfecto para la diversi\u00f3n, el ocio y la cultura. Un lugar \u00edntimo, hecho a medida, con todos los detalles cuidadosamente seleccionados para tu bienestar.<\/p>\n\n<p>Ofrecemos actuaciones musicales, charlas y eventos privados, pensados para los p\u00fablicos m\u00e1s exigentes que desean ser parte de un lugar divertido, distinguido y prestigioso.<\/p><\/div><\/div><\/div>\n\n<div class=\"wp-block-column is-vertically-aligned-center is-layout-flow wp-block-column-is-layout-flow\" style=\"flex-basis:60%\"><div class=\"wp-block-image\"><figure class=\"aligncenter size-full is-resized\"><img decoding=\"async\" width=\"2008\" height=\"1517\" src=\"https:\/\/barmanero.es\/nuevaweb\/wp-content\/uploads\/2024\/09\/MANERO-BISTRO10008.jpg\" alt=\"\" class=\"wp-image-6859\" style=\"width:625px;height:auto\" srcset=\"https:\/\/barmanero.es\/nuevaweb\/wp-content\/uploads\/2024\/09\/MANERO-BISTRO10008.jpg 2008w, https:\/\/barmanero.es\/nuevaweb\/wp-content\/uploads\/2024\/09\/MANERO-BISTRO10008-300x227.jpg 300w, https:\/\/barmanero.es\/nuevaweb\/wp-content\/uploads\/2024\/09\/MANERO-BISTRO10008-1024x774.jpg 1024w, https:\/\/barmanero.es\/nuevaweb\/wp-content\/uploads\/2024\/09\/MANERO-BISTRO10008-768x580.jpg 768w, https:\/\/barmanero.es\/nuevaweb\/wp-content\/uploads\/2024\/09\/MANERO-BISTRO10008-1536x1160.jpg 1536w, https:\/\/barmanero.es\/nuevaweb\/wp-content\/uploads\/2024\/09\/MANERO-BISTRO10008-600x453.jpg 600w\" sizes=\"(max-width: 2008px) 100vw, 2008px\" \/><\/figure><\/div><\/div><\/div>\n\n<div style=\"height:100px\" aria-hidden=\"true\" class=\"wp-block-spacer\"><\/div>\n\n<hr class=\"wp-block-separator has-text-color has-alpha-channel-opacity has-background\" style=\"background-color:#807754;color:#807754\"\/>\n\n<div class=\"wp-block-group blqinfoJ\"><div class=\"wp-block-group__inner-container is-layout-constrained wp-block-group-is-layout-constrained\"><div style=\"height:30px\" aria-hidden=\"true\" class=\"wp-block-spacer\"><\/div>\n\n<h2 class=\"wp-block-heading has-text-align-center\" style=\"text-transform:uppercase\">Actualidad<\/h2>\n\n<div style=\"height:60px\" aria-hidden=\"true\" class=\"wp-block-spacer\"><\/div><\/div><\/div>\n\n\n\n<div style=\"height:100px\" aria-hidden=\"true\" class=\"wp-block-spacer\"><\/div>\n\n<\/div><\/div>","protected":false},"excerpt":{"rendered":"<p>Marqu\u00e9s de Cubas Reserva MADRID +34 965 14 44 44 C. del Marqu\u00e9s de Cubas, 14, Centro, 28014 Madrid MANERO BAR Manero es un bar boutique, una taberna renovada y una vermuter\u00eda. Es un local castizo donde disfrutar de copas y tapas tradicionales con un toque gourmet. Todo esto se encuentra en un espacio espectacular [&hellip;]<\/p>\n","protected":false},"author":5,"featured_media":0,"parent":0,"menu_order":0,"comment_status":"closed","ping_status":"closed","template":"","meta":{"_acf_changed":false,"footnotes":""},"class_list":["post-6638","page","type-page","status-publish","hentry"],"acf":[],"yoast_head":"<!-- This site is optimized with the Yoast SEO plugin v24.9 - https:\/\/yoast.com\/wordpress\/plugins\/seo\/ -->\n<title>Marqu\u00e9s de Cubas - Bar MANERO \u00b7 Tapas | Bar | Delicatessen<\/title>\n<meta name=\"robots\" content=\"index, follow, max-snippet:-1, max-image-preview:large, max-video-preview:-1\" \/>\n<link rel=\"canonical\" href=\"https:\/\/barmanero.es\/nuevaweb\/marques-de-cubas\/\" \/>\n<meta property=\"og:locale\" content=\"en_US\" \/>\n<meta property=\"og:type\" content=\"article\" \/>\n<meta property=\"og:title\" content=\"Marqu\u00e9s de Cubas - Bar MANERO \u00b7 Tapas | Bar | Delicatessen\" \/>\n<meta property=\"og:description\" content=\"Marqu\u00e9s de Cubas Reserva MADRID +34 965 14 44 44 C. del Marqu\u00e9s de Cubas, 14, Centro, 28014 Madrid MANERO BAR Manero es un bar boutique, una taberna renovada y una vermuter\u00eda. Es un local castizo donde disfrutar de copas y tapas tradicionales con un toque gourmet. Todo esto se encuentra en un espacio espectacular [&hellip;]\" \/>\n<meta property=\"og:url\" content=\"https:\/\/barmanero.es\/nuevaweb\/marques-de-cubas\/\" \/>\n<meta property=\"og:site_name\" content=\"Bar MANERO \u00b7 Tapas | Bar | Delicatessen\" \/>\n<meta property=\"article:modified_time\" content=\"2024-09-25T15:08:08+00:00\" \/>\n<meta property=\"og:image\" content=\"https:\/\/barmanero.es\/nuevaweb\/wp-content\/uploads\/2024\/07\/icono-localizacion.svg\" \/>\n<meta name=\"twitter:card\" content=\"summary_large_image\" \/>\n<meta name=\"twitter:label1\" content=\"Est. reading time\" \/>\n\t<meta name=\"twitter:data1\" content=\"2 minutes\" \/>\n<script type=\"application\/ld+json\" class=\"yoast-schema-graph\">{\"@context\":\"https:\/\/schema.org\",\"@graph\":[{\"@type\":\"WebPage\",\"@id\":\"https:\/\/barmanero.es\/nuevaweb\/marques-de-cubas\/\",\"url\":\"https:\/\/barmanero.es\/nuevaweb\/marques-de-cubas\/\",\"name\":\"Marqu\u00e9s de Cubas - Bar MANERO \u00b7 Tapas | Bar | Delicatessen\",\"isPartOf\":{\"@id\":\"https:\/\/barmanero.es\/nuevaweb\/#website\"},\"primaryImageOfPage\":{\"@id\":\"https:\/\/barmanero.es\/nuevaweb\/marques-de-cubas\/#primaryimage\"},\"image\":{\"@id\":\"https:\/\/barmanero.es\/nuevaweb\/marques-de-cubas\/#primaryimage\"},\"thumbnailUrl\":\"https:\/\/barmanero.es\/nuevaweb\/wp-content\/uploads\/2024\/07\/icono-localizacion.svg\",\"datePublished\":\"2024-08-19T08:09:21+00:00\",\"dateModified\":\"2024-09-25T15:08:08+00:00\",\"breadcrumb\":{\"@id\":\"https:\/\/barmanero.es\/nuevaweb\/marques-de-cubas\/#breadcrumb\"},\"inLanguage\":\"en-US\",\"potentialAction\":[{\"@type\":\"ReadAction\",\"target\":[\"https:\/\/barmanero.es\/nuevaweb\/marques-de-cubas\/\"]}]},{\"@type\":\"ImageObject\",\"inLanguage\":\"en-US\",\"@id\":\"https:\/\/barmanero.es\/nuevaweb\/marques-de-cubas\/#primaryimage\",\"url\":\"https:\/\/barmanero.es\/nuevaweb\/wp-content\/uploads\/2024\/07\/icono-localizacion.svg\",\"contentUrl\":\"https:\/\/barmanero.es\/nuevaweb\/wp-content\/uploads\/2024\/07\/icono-localizacion.svg\",\"width\":176.82,\"height\":252.9},{\"@type\":\"BreadcrumbList\",\"@id\":\"https:\/\/barmanero.es\/nuevaweb\/marques-de-cubas\/#breadcrumb\",\"itemListElement\":[{\"@type\":\"ListItem\",\"position\":1,\"name\":\"Portada\",\"item\":\"https:\/\/barmanero.es\/nuevaweb\/\"},{\"@type\":\"ListItem\",\"position\":2,\"name\":\"Marqu\u00e9s de Cubas\"}]},{\"@type\":\"WebSite\",\"@id\":\"https:\/\/barmanero.es\/nuevaweb\/#website\",\"url\":\"https:\/\/barmanero.es\/nuevaweb\/\",\"name\":\"Bar MANERO \u00b7 Tapas | Bar | Delicatessen\",\"description\":\"Bar de Tapas y Delicatessen en Alicante. Te enamorar\u00e1 la exquisita decoraci\u00f3n y sus productos seleccionados. Amplia carta de vino por copas.\",\"publisher\":{\"@id\":\"https:\/\/barmanero.es\/nuevaweb\/#organization\"},\"potentialAction\":[{\"@type\":\"SearchAction\",\"target\":{\"@type\":\"EntryPoint\",\"urlTemplate\":\"https:\/\/barmanero.es\/nuevaweb\/?s={search_term_string}\"},\"query-input\":{\"@type\":\"PropertyValueSpecification\",\"valueRequired\":true,\"valueName\":\"search_term_string\"}}],\"inLanguage\":\"en-US\"},{\"@type\":\"Organization\",\"@id\":\"https:\/\/barmanero.es\/nuevaweb\/#organization\",\"name\":\"Bar MANERO \u00b7 Tapas | Bar | Delicatessen\",\"url\":\"https:\/\/barmanero.es\/nuevaweb\/\",\"logo\":{\"@type\":\"ImageObject\",\"inLanguage\":\"en-US\",\"@id\":\"https:\/\/barmanero.es\/nuevaweb\/#\/schema\/logo\/image\/\",\"url\":\"https:\/\/barmanero.es\/nuevaweb\/wp-content\/uploads\/2019\/07\/Logo-Manero-portada-2.png\",\"contentUrl\":\"https:\/\/barmanero.es\/nuevaweb\/wp-content\/uploads\/2019\/07\/Logo-Manero-portada-2.png\",\"width\":340,\"height\":233,\"caption\":\"Bar MANERO \u00b7 Tapas | Bar | Delicatessen\"},\"image\":{\"@id\":\"https:\/\/barmanero.es\/nuevaweb\/#\/schema\/logo\/image\/\"}}]}<\/script>\n<!-- \/ Yoast SEO plugin. -->","yoast_head_json":{"title":"Marqu\u00e9s de Cubas - Bar MANERO \u00b7 Tapas | Bar | Delicatessen","robots":{"index":"index","follow":"follow","max-snippet":"max-snippet:-1","max-image-preview":"max-image-preview:large","max-video-preview":"max-video-preview:-1"},"canonical":"https:\/\/barmanero.es\/nuevaweb\/marques-de-cubas\/","og_locale":"en_US","og_type":"article","og_title":"Marqu\u00e9s de Cubas - Bar MANERO \u00b7 Tapas | Bar | Delicatessen","og_description":"Marqu\u00e9s de Cubas Reserva MADRID +34 965 14 44 44 C. del Marqu\u00e9s de Cubas, 14, Centro, 28014 Madrid MANERO BAR Manero es un bar boutique, una taberna renovada y una vermuter\u00eda. Es un local castizo donde disfrutar de copas y tapas tradicionales con un toque gourmet. Todo esto se encuentra en un espacio espectacular [&hellip;]","og_url":"https:\/\/barmanero.es\/nuevaweb\/marques-de-cubas\/","og_site_name":"Bar MANERO \u00b7 Tapas | Bar | Delicatessen","article_modified_time":"2024-09-25T15:08:08+00:00","og_image":[{"url":"https:\/\/barmanero.es\/nuevaweb\/wp-content\/uploads\/2024\/07\/icono-localizacion.svg","type":"","width":"","height":""}],"twitter_card":"summary_large_image","twitter_misc":{"Est. reading time":"2 minutes"},"schema":{"@context":"https:\/\/schema.org","@graph":[{"@type":"WebPage","@id":"https:\/\/barmanero.es\/nuevaweb\/marques-de-cubas\/","url":"https:\/\/barmanero.es\/nuevaweb\/marques-de-cubas\/","name":"Marqu\u00e9s de Cubas - Bar MANERO \u00b7 Tapas | Bar | Delicatessen","isPartOf":{"@id":"https:\/\/barmanero.es\/nuevaweb\/#website"},"primaryImageOfPage":{"@id":"https:\/\/barmanero.es\/nuevaweb\/marques-de-cubas\/#primaryimage"},"image":{"@id":"https:\/\/barmanero.es\/nuevaweb\/marques-de-cubas\/#primaryimage"},"thumbnailUrl":"https:\/\/barmanero.es\/nuevaweb\/wp-content\/uploads\/2024\/07\/icono-localizacion.svg","datePublished":"2024-08-19T08:09:21+00:00","dateModified":"2024-09-25T15:08:08+00:00","breadcrumb":{"@id":"https:\/\/barmanero.es\/nuevaweb\/marques-de-cubas\/#breadcrumb"},"inLanguage":"en-US","potentialAction":[{"@type":"ReadAction","target":["https:\/\/barmanero.es\/nuevaweb\/marques-de-cubas\/"]}]},{"@type":"ImageObject","inLanguage":"en-US","@id":"https:\/\/barmanero.es\/nuevaweb\/marques-de-cubas\/#primaryimage","url":"https:\/\/barmanero.es\/nuevaweb\/wp-content\/uploads\/2024\/07\/icono-localizacion.svg","contentUrl":"https:\/\/barmanero.es\/nuevaweb\/wp-content\/uploads\/2024\/07\/icono-localizacion.svg","width":176.82,"height":252.9},{"@type":"BreadcrumbList","@id":"https:\/\/barmanero.es\/nuevaweb\/marques-de-cubas\/#breadcrumb","itemListElement":[{"@type":"ListItem","position":1,"name":"Portada","item":"https:\/\/barmanero.es\/nuevaweb\/"},{"@type":"ListItem","position":2,"name":"Marqu\u00e9s de Cubas"}]},{"@type":"WebSite","@id":"https:\/\/barmanero.es\/nuevaweb\/#website","url":"https:\/\/barmanero.es\/nuevaweb\/","name":"Bar MANERO \u00b7 Tapas | Bar | Delicatessen","description":"Bar de Tapas y Delicatessen en Alicante. Te enamorar\u00e1 la exquisita decoraci\u00f3n y sus productos seleccionados. Amplia carta de vino por copas.","publisher":{"@id":"https:\/\/barmanero.es\/nuevaweb\/#organization"},"potentialAction":[{"@type":"SearchAction","target":{"@type":"EntryPoint","urlTemplate":"https:\/\/barmanero.es\/nuevaweb\/?s={search_term_string}"},"query-input":{"@type":"PropertyValueSpecification","valueRequired":true,"valueName":"search_term_string"}}],"inLanguage":"en-US"},{"@type":"Organization","@id":"https:\/\/barmanero.es\/nuevaweb\/#organization","name":"Bar MANERO \u00b7 Tapas | Bar | Delicatessen","url":"https:\/\/barmanero.es\/nuevaweb\/","logo":{"@type":"ImageObject","inLanguage":"en-US","@id":"https:\/\/barmanero.es\/nuevaweb\/#\/schema\/logo\/image\/","url":"https:\/\/barmanero.es\/nuevaweb\/wp-content\/uploads\/2019\/07\/Logo-Manero-portada-2.png","contentUrl":"https:\/\/barmanero.es\/nuevaweb\/wp-content\/uploads\/2019\/07\/Logo-Manero-portada-2.png","width":340,"height":233,"caption":"Bar MANERO \u00b7 Tapas | Bar | Delicatessen"},"image":{"@id":"https:\/\/barmanero.es\/nuevaweb\/#\/schema\/logo\/image\/"}}]}},"_links":{"self":[{"href":"https:\/\/barmanero.es\/nuevaweb\/wp-json\/wp\/v2\/pages\/6638","targetHints":{"allow":["GET"]}}],"collection":[{"href":"https:\/\/barmanero.es\/nuevaweb\/wp-json\/wp\/v2\/pages"}],"about":[{"href":"https:\/\/barmanero.es\/nuevaweb\/wp-json\/wp\/v2\/types\/page"}],"author":[{"embeddable":true,"href":"https:\/\/barmanero.es\/nuevaweb\/wp-json\/wp\/v2\/users\/5"}],"replies":[{"embeddable":true,"href":"https:\/\/barmanero.es\/nuevaweb\/wp-json\/wp\/v2\/comments?post=6638"}],"version-history":[{"count":8,"href":"https:\/\/barmanero.es\/nuevaweb\/wp-json\/wp\/v2\/pages\/6638\/revisions"}],"predecessor-version":[{"id":6860,"href":"https:\/\/barmanero.es\/nuevaweb\/wp-json\/wp\/v2\/pages\/6638\/revisions\/6860"}],"wp:attachment":[{"href":"https:\/\/barmanero.es\/nuevaweb\/wp-json\/wp\/v2\/media?parent=6638"}],"curies":[{"name":"wp","href":"https:\/\/api.w.org\/{rel}","templated":true}]}}