{"id":554,"date":"2017-09-09T16:15:26","date_gmt":"2017-09-09T16:15:26","guid":{"rendered":"http:\/\/barmanero.es\/?page_id=554"},"modified":"2024-04-23T10:59:07","modified_gmt":"2024-04-23T08:59:07","slug":"contacto","status":"publish","type":"page","link":"https:\/\/barmanero.es\/nuevaweb\/contacto\/","title":{"rendered":"Ponte en contacto con nosotros"},"content":{"rendered":"<p>[vc_row type=&#8221;in_container&#8221; full_screen_row_position=&#8221;middle&#8221; scene_position=&#8221;center&#8221; text_color=&#8221;dark&#8221; text_align=&#8221;left&#8221; overlay_strength=&#8221;0.3&#8243;][vc_column width=&#8221;2\/3&#8243; column_padding=&#8221;no-extra-padding&#8221; column_padding_position=&#8221;all&#8221; background_color_opacity=&#8221;1&#8243; background_hover_color_opacity=&#8221;1&#8243; column_shadow=&#8221;none&#8221; tablet_text_alignment=&#8221;default&#8221; phone_text_alignment=&#8221;default&#8221; column_border_width=&#8221;none&#8221; column_border_style=&#8221;solid&#8221;][vc_empty_space height=&#8221;60px&#8221;]\n<div class=\"wpcf7 no-js\" id=\"wpcf7-f31-o1\" lang=\"es-ES\" dir=\"ltr\" data-wpcf7-id=\"31\">\n<div class=\"screen-reader-response\"><p role=\"status\" aria-live=\"polite\" aria-atomic=\"true\"><\/p> <ul><\/ul><\/div>\n<form action=\"\/nuevaweb\/wp-json\/wp\/v2\/pages\/554#wpcf7-f31-o1\" method=\"post\" class=\"wpcf7-form init\" aria-label=\"Formulario de contacto\" novalidate=\"novalidate\" data-status=\"init\">\n<div style=\"display: none;\">\n<input type=\"hidden\" name=\"_wpcf7\" value=\"31\" \/>\n<input type=\"hidden\" name=\"_wpcf7_version\" value=\"6.0.6\" \/>\n<input type=\"hidden\" name=\"_wpcf7_locale\" value=\"es_ES\" \/>\n<input type=\"hidden\" name=\"_wpcf7_unit_tag\" value=\"wpcf7-f31-o1\" \/>\n<input type=\"hidden\" name=\"_wpcf7_container_post\" value=\"0\" \/>\n<input type=\"hidden\" name=\"_wpcf7_posted_data_hash\" value=\"\" \/>\n<input type=\"hidden\" name=\"_wpcf7_recaptcha_response\" value=\"\" \/>\n<\/div>\n<p><label> \u00bfCon quien quieres contactar?<\/label>\n<\/p>\n<p><span class=\"wpcf7-form-control-wrap\" data-name=\"radio-526\"><span class=\"wpcf7-form-control wpcf7-radio\"><span class=\"wpcf7-list-item first\"><label><span class=\"wpcf7-list-item-label\">MANERO Madrid<\/span><input type=\"radio\" name=\"radio-526\" value=\"MANERO Madrid\" checked=\"checked\" \/><\/label><\/span><span class=\"wpcf7-list-item last\"><label><span class=\"wpcf7-list-item-label\">MANERO Alicante<\/span><input type=\"radio\" name=\"radio-526\" value=\"MANERO Alicante\" \/><\/label><\/span><\/span><\/span>\n<\/p>\n<p><label> Nombre, apellido (Obligatorio)<br \/>\n<span class=\"wpcf7-form-control-wrap\" data-name=\"your-name\"><input size=\"40\" maxlength=\"400\" class=\"wpcf7-form-control wpcf7-text wpcf7-validates-as-required\" aria-required=\"true\" aria-invalid=\"false\" value=\"\" type=\"text\" name=\"your-name\" \/><\/span> <\/label>\n<\/p>\n<p><label>Correo Electr\u00f3nico (Obligatorio)<br \/>\n<span class=\"wpcf7-form-control-wrap\" data-name=\"your-email\"><input size=\"40\" maxlength=\"400\" class=\"wpcf7-form-control wpcf7-email wpcf7-validates-as-required wpcf7-text wpcf7-validates-as-email\" aria-required=\"true\" aria-invalid=\"false\" value=\"\" type=\"email\" name=\"your-email\" \/><\/span> <\/label>\n<\/p>\n<p><label> T\u00edtulo<br \/>\n<span class=\"wpcf7-form-control-wrap\" data-name=\"your-subject\"><input size=\"40\" maxlength=\"400\" class=\"wpcf7-form-control wpcf7-text\" aria-invalid=\"false\" value=\"\" type=\"text\" name=\"your-subject\" \/><\/span> <\/label>\n<\/p>\n<p><label> Mensaje<br \/>\n<span class=\"wpcf7-form-control-wrap\" data-name=\"your-message\"><textarea cols=\"40\" rows=\"10\" maxlength=\"2000\" class=\"wpcf7-form-control wpcf7-textarea\" aria-invalid=\"false\" name=\"your-message\"><\/textarea><\/span> <\/label><br \/>\n<label>*Nuestro equipo te responder\u00e1 tan pronto sea posible.<\/label><br \/>\n<label><span class=\"wpcf7-form-control-wrap\" data-name=\"Acepta\"><span class=\"wpcf7-form-control wpcf7-acceptance\"><span class=\"wpcf7-list-item\"><input type=\"checkbox\" name=\"Acepta\" value=\"1\" aria-invalid=\"false\" \/><\/span><\/span><\/span> Acepta los t\u00e9rminos y condiciones citadas a continuaci\u00f3n.<\/label>\n<\/p>\n<p><input class=\"wpcf7-form-control wpcf7-submit has-spinner\" type=\"submit\" value=\"Enviar\" \/>\n<\/p><div class=\"wpcf7-response-output\" aria-hidden=\"true\"><\/div>\n<\/form>\n<\/div>\n[vc_column_text]<\/p>\n<h6>Seg\u00fan lo previsto en la Ley 34\/2002 de Servicios de la Sociedad de la Informaci\u00f3n y de Comercio Electr\u00f3nico, as\u00ed como en la Ley Org\u00e1nica 15\/1999 del 13 de Diciembre, de Protecci\u00f3n de Datos de Car\u00e1cter Personal, le informamos que los datos completados en este formulario figurar\u00e1n en nuestros archivos, con el objeto exclusivo de remitirle informaci\u00f3n sobre actividades promovidas por Gastroportal S.L. y sus marcas comerciales o bien participar en los procesos de selecci\u00f3n de personal. Usted puede en cualquier momento ejercitar su derecho de acceder, rectificar y, en su caso, cancelar sus datos personales respondiendo este correo electr\u00f3nico e indic\u00e1ndonos la operaci\u00f3n a realizar. Si no desea en lo sucesivo recibir correos electr\u00f3nicos de este tipo, responda con BAJA al siguiente correo electr\u00f3nico <a href=\"mailto:hola@barmanero.es\">hola@barmanero.es<\/a><\/h6>\n<p>[\/vc_column_text][\/vc_column][vc_column width=&#8221;1\/3&#8243; column_padding=&#8221;no-extra-padding&#8221; column_padding_position=&#8221;all&#8221; background_color_opacity=&#8221;1&#8243; background_hover_color_opacity=&#8221;1&#8243; column_shadow=&#8221;none&#8221; tablet_text_alignment=&#8221;default&#8221; phone_text_alignment=&#8221;default&#8221; column_border_width=&#8221;none&#8221; column_border_style=&#8221;solid&#8221;][vc_empty_space height=&#8221;60px&#8221;][vc_column_text]<\/p>\n<h3>Direcci\u00f3n<\/h3>\n<p>[\/vc_column_text][vc_column_text]<\/p>\n<h4 class=\"widget-title\"><strong><br \/>\nBar MANERO Madrid<\/strong><\/h4>\n<div class=\"textwidget\">\n<p><a href=\"https:\/\/goo.gl\/maps\/pZq4q5UePqmp2ta19\" target=\"_blank\" rel=\"noopener noreferrer\">C\/Claudio Coello,<br \/>\n3, 28001 Madrid<\/a><br \/>\n<a href=\"https:\/\/www.google.es\/search?q=manero+Madrid+horario\" target=\"_blank\" rel=\"noopener noreferrer\">Clic para ver horario actualizado<\/a><br \/>\n<a href=\"tel:\/\/+34 965 144 444\">+34 965 14 44 44<\/a><\/p>\n<p><iframe style=\"border: 0;\" src=\"https:\/\/www.google.com\/maps\/embed?pb=!1m14!1m8!1m3!1d12149.863445400084!2d-3.6873303!3d40.4206822!3m2!1i1024!2i768!4f13.1!3m3!1m2!1s0x0%3A0xdbf4728138082213!2sManero%20Madrid%20-%20Claudio%20Coello!5e0!3m2!1ses!2ses!4v1617961438274!5m2!1ses!2ses\" width=\"320\" height=\"320\" frameborder=\"0\" allowfullscreen=\"allowfullscreen\"><\/iframe><\/p>\n<\/div>\n<p><strong>Bar MANERO Alicante<\/strong><\/p>\n<p>C\/ M\u00e9dico Manero Moll\u00e1 7<br \/>\n03001 Alicante, Espa\u00f1a<br \/>\n<a href=\"tel:\/\/+34 965 144 444\">+34 965 14 44 44<\/a><br \/>\n<a href=\"https:\/\/www.google.es\/search?q=manero+Alicante+horario\" target=\"_blank\" rel=\"noopener noreferrer\">Clic para ver horario actualizado<\/a><br \/>\n<a href=\"mailto:hola@barmanero.es\">hola@barmanero.es<\/a><\/p>\n<p><iframe style=\"border: 0;\" src=\"https:\/\/www.google.com\/maps\/embed?pb=!1m18!1m12!1m3!1d1564.6096777120465!2d-0.4848784396829675!3d38.343904712600455!2m3!1f0!2f0!3f0!3m2!1i1024!2i768!4f13.1!3m3!1m2!1s0xd6237b3cf8bdfc5%3A0xaa59fcb73662d72!2sCalle+Med+Manero+Moll%C3%A0%2C+7%2C+03001+Alicante!5e0!3m2!1ses!2ses!4v1513528299030\" width=\"320\" height=\"320\" frameborder=\"0\" allowfullscreen=\"allowfullscreen\"><\/iframe><\/p>\n<h4><\/h4>\n<p>[\/vc_column_text][vc_empty_space height=&#8221;60px&#8221;][\/vc_column][\/vc_row]<\/p>\n","protected":false},"excerpt":{"rendered":"<p>[vc_row type=&#8221;in_container&#8221; full_screen_row_position=&#8221;middle&#8221; scene_position=&#8221;center&#8221; text_color=&#8221;dark&#8221; text_align=&#8221;left&#8221; overlay_strength=&#8221;0.3&#8243;][vc_column width=&#8221;2\/3&#8243; column_padding=&#8221;no-extra-padding&#8221; column_padding_position=&#8221;all&#8221; background_color_opacity=&#8221;1&#8243; background_hover_color_opacity=&#8221;1&#8243; column_shadow=&#8221;none&#8221; tablet_text_alignment=&#8221;default&#8221; phone_text_alignment=&#8221;default&#8221; column_border_width=&#8221;none&#8221; column_border_style=&#8221;solid&#8221;][vc_empty_space height=&#8221;60px&#8221;][vc_column_text] Seg\u00fan lo previsto en la Ley 34\/2002 de Servicios de la Sociedad de la Informaci\u00f3n y de Comercio Electr\u00f3nico, as\u00ed como en la Ley Org\u00e1nica 15\/1999 del 13 de Diciembre, de Protecci\u00f3n de Datos de Car\u00e1cter Personal, [&hellip;]<\/p>\n","protected":false},"author":5,"featured_media":0,"parent":0,"menu_order":0,"comment_status":"closed","ping_status":"closed","template":"","meta":{"_acf_changed":false,"footnotes":""},"class_list":["post-554","page","type-page","status-publish","hentry"],"acf":[],"yoast_head":"<!-- This site is optimized with the Yoast SEO plugin v24.9 - https:\/\/yoast.com\/wordpress\/plugins\/seo\/ -->\n<title>Ponte en contacto con nosotros - Bar MANERO \u00b7 Tapas | Bar | Delicatessen<\/title>\n<meta name=\"robots\" content=\"index, follow, max-snippet:-1, max-image-preview:large, max-video-preview:-1\" \/>\n<link rel=\"canonical\" href=\"https:\/\/barmanero.es\/nuevaweb\/contacto\/\" \/>\n<meta property=\"og:locale\" content=\"en_US\" \/>\n<meta property=\"og:type\" content=\"article\" \/>\n<meta property=\"og:title\" content=\"Ponte en contacto con nosotros - Bar MANERO \u00b7 Tapas | Bar | Delicatessen\" \/>\n<meta property=\"og:description\" content=\"[vc_row type=&#8221;in_container&#8221; full_screen_row_position=&#8221;middle&#8221; scene_position=&#8221;center&#8221; text_color=&#8221;dark&#8221; text_align=&#8221;left&#8221; overlay_strength=&#8221;0.3&#8243;][vc_column width=&#8221;2\/3&#8243; column_padding=&#8221;no-extra-padding&#8221; column_padding_position=&#8221;all&#8221; background_color_opacity=&#8221;1&#8243; background_hover_color_opacity=&#8221;1&#8243; column_shadow=&#8221;none&#8221; tablet_text_alignment=&#8221;default&#8221; phone_text_alignment=&#8221;default&#8221; column_border_width=&#8221;none&#8221; column_border_style=&#8221;solid&#8221;][vc_empty_space height=&#8221;60px&#8221;][vc_column_text] Seg\u00fan lo previsto en la Ley 34\/2002 de Servicios de la Sociedad de la Informaci\u00f3n y de Comercio Electr\u00f3nico, as\u00ed como en la Ley Org\u00e1nica 15\/1999 del 13 de Diciembre, de Protecci\u00f3n de Datos de Car\u00e1cter Personal, [&hellip;]\" \/>\n<meta property=\"og:url\" content=\"https:\/\/barmanero.es\/nuevaweb\/contacto\/\" \/>\n<meta property=\"og:site_name\" content=\"Bar MANERO \u00b7 Tapas | Bar | Delicatessen\" \/>\n<meta property=\"article:modified_time\" content=\"2024-04-23T08:59:07+00:00\" \/>\n<meta name=\"twitter:card\" content=\"summary_large_image\" \/>\n<meta name=\"twitter:label1\" content=\"Est. reading time\" \/>\n\t<meta name=\"twitter:data1\" content=\"1 minute\" \/>\n<script type=\"application\/ld+json\" class=\"yoast-schema-graph\">{\"@context\":\"https:\/\/schema.org\",\"@graph\":[{\"@type\":\"WebPage\",\"@id\":\"https:\/\/barmanero.es\/nuevaweb\/contacto\/\",\"url\":\"https:\/\/barmanero.es\/nuevaweb\/contacto\/\",\"name\":\"Ponte en contacto con nosotros - Bar MANERO \u00b7 Tapas | Bar | Delicatessen\",\"isPartOf\":{\"@id\":\"https:\/\/barmanero.es\/nuevaweb\/#website\"},\"datePublished\":\"2017-09-09T16:15:26+00:00\",\"dateModified\":\"2024-04-23T08:59:07+00:00\",\"breadcrumb\":{\"@id\":\"https:\/\/barmanero.es\/nuevaweb\/contacto\/#breadcrumb\"},\"inLanguage\":\"en-US\",\"potentialAction\":[{\"@type\":\"ReadAction\",\"target\":[\"https:\/\/barmanero.es\/nuevaweb\/contacto\/\"]}]},{\"@type\":\"BreadcrumbList\",\"@id\":\"https:\/\/barmanero.es\/nuevaweb\/contacto\/#breadcrumb\",\"itemListElement\":[{\"@type\":\"ListItem\",\"position\":1,\"name\":\"Portada\",\"item\":\"https:\/\/barmanero.es\/nuevaweb\/\"},{\"@type\":\"ListItem\",\"position\":2,\"name\":\"Ponte en contacto con nosotros\"}]},{\"@type\":\"WebSite\",\"@id\":\"https:\/\/barmanero.es\/nuevaweb\/#website\",\"url\":\"https:\/\/barmanero.es\/nuevaweb\/\",\"name\":\"Bar MANERO \u00b7 Tapas | Bar | Delicatessen\",\"description\":\"Bar de Tapas y Delicatessen en Alicante. Te enamorar\u00e1 la exquisita decoraci\u00f3n y sus productos seleccionados. Amplia carta de vino por copas.\",\"publisher\":{\"@id\":\"https:\/\/barmanero.es\/nuevaweb\/#organization\"},\"potentialAction\":[{\"@type\":\"SearchAction\",\"target\":{\"@type\":\"EntryPoint\",\"urlTemplate\":\"https:\/\/barmanero.es\/nuevaweb\/?s={search_term_string}\"},\"query-input\":{\"@type\":\"PropertyValueSpecification\",\"valueRequired\":true,\"valueName\":\"search_term_string\"}}],\"inLanguage\":\"en-US\"},{\"@type\":\"Organization\",\"@id\":\"https:\/\/barmanero.es\/nuevaweb\/#organization\",\"name\":\"Bar MANERO \u00b7 Tapas | Bar | Delicatessen\",\"url\":\"https:\/\/barmanero.es\/nuevaweb\/\",\"logo\":{\"@type\":\"ImageObject\",\"inLanguage\":\"en-US\",\"@id\":\"https:\/\/barmanero.es\/nuevaweb\/#\/schema\/logo\/image\/\",\"url\":\"https:\/\/barmanero.es\/nuevaweb\/wp-content\/uploads\/2019\/07\/Logo-Manero-portada-2.png\",\"contentUrl\":\"https:\/\/barmanero.es\/nuevaweb\/wp-content\/uploads\/2019\/07\/Logo-Manero-portada-2.png\",\"width\":340,\"height\":233,\"caption\":\"Bar MANERO \u00b7 Tapas | Bar | Delicatessen\"},\"image\":{\"@id\":\"https:\/\/barmanero.es\/nuevaweb\/#\/schema\/logo\/image\/\"}}]}<\/script>\n<!-- \/ Yoast SEO plugin. -->","yoast_head_json":{"title":"Ponte en contacto con nosotros - Bar MANERO \u00b7 Tapas | Bar | Delicatessen","robots":{"index":"index","follow":"follow","max-snippet":"max-snippet:-1","max-image-preview":"max-image-preview:large","max-video-preview":"max-video-preview:-1"},"canonical":"https:\/\/barmanero.es\/nuevaweb\/contacto\/","og_locale":"en_US","og_type":"article","og_title":"Ponte en contacto con nosotros - Bar MANERO \u00b7 Tapas | Bar | Delicatessen","og_description":"[vc_row type=&#8221;in_container&#8221; full_screen_row_position=&#8221;middle&#8221; scene_position=&#8221;center&#8221; text_color=&#8221;dark&#8221; text_align=&#8221;left&#8221; overlay_strength=&#8221;0.3&#8243;][vc_column width=&#8221;2\/3&#8243; column_padding=&#8221;no-extra-padding&#8221; column_padding_position=&#8221;all&#8221; background_color_opacity=&#8221;1&#8243; background_hover_color_opacity=&#8221;1&#8243; column_shadow=&#8221;none&#8221; tablet_text_alignment=&#8221;default&#8221; phone_text_alignment=&#8221;default&#8221; column_border_width=&#8221;none&#8221; column_border_style=&#8221;solid&#8221;][vc_empty_space height=&#8221;60px&#8221;][vc_column_text] Seg\u00fan lo previsto en la Ley 34\/2002 de Servicios de la Sociedad de la Informaci\u00f3n y de Comercio Electr\u00f3nico, as\u00ed como en la Ley Org\u00e1nica 15\/1999 del 13 de Diciembre, de Protecci\u00f3n de Datos de Car\u00e1cter Personal, [&hellip;]","og_url":"https:\/\/barmanero.es\/nuevaweb\/contacto\/","og_site_name":"Bar MANERO \u00b7 Tapas | Bar | Delicatessen","article_modified_time":"2024-04-23T08:59:07+00:00","twitter_card":"summary_large_image","twitter_misc":{"Est. reading time":"1 minute"},"schema":{"@context":"https:\/\/schema.org","@graph":[{"@type":"WebPage","@id":"https:\/\/barmanero.es\/nuevaweb\/contacto\/","url":"https:\/\/barmanero.es\/nuevaweb\/contacto\/","name":"Ponte en contacto con nosotros - Bar MANERO \u00b7 Tapas | Bar | Delicatessen","isPartOf":{"@id":"https:\/\/barmanero.es\/nuevaweb\/#website"},"datePublished":"2017-09-09T16:15:26+00:00","dateModified":"2024-04-23T08:59:07+00:00","breadcrumb":{"@id":"https:\/\/barmanero.es\/nuevaweb\/contacto\/#breadcrumb"},"inLanguage":"en-US","potentialAction":[{"@type":"ReadAction","target":["https:\/\/barmanero.es\/nuevaweb\/contacto\/"]}]},{"@type":"BreadcrumbList","@id":"https:\/\/barmanero.es\/nuevaweb\/contacto\/#breadcrumb","itemListElement":[{"@type":"ListItem","position":1,"name":"Portada","item":"https:\/\/barmanero.es\/nuevaweb\/"},{"@type":"ListItem","position":2,"name":"Ponte en contacto con nosotros"}]},{"@type":"WebSite","@id":"https:\/\/barmanero.es\/nuevaweb\/#website","url":"https:\/\/barmanero.es\/nuevaweb\/","name":"Bar MANERO \u00b7 Tapas | Bar | Delicatessen","description":"Bar de Tapas y Delicatessen en Alicante. Te enamorar\u00e1 la exquisita decoraci\u00f3n y sus productos seleccionados. Amplia carta de vino por copas.","publisher":{"@id":"https:\/\/barmanero.es\/nuevaweb\/#organization"},"potentialAction":[{"@type":"SearchAction","target":{"@type":"EntryPoint","urlTemplate":"https:\/\/barmanero.es\/nuevaweb\/?s={search_term_string}"},"query-input":{"@type":"PropertyValueSpecification","valueRequired":true,"valueName":"search_term_string"}}],"inLanguage":"en-US"},{"@type":"Organization","@id":"https:\/\/barmanero.es\/nuevaweb\/#organization","name":"Bar MANERO \u00b7 Tapas | Bar | Delicatessen","url":"https:\/\/barmanero.es\/nuevaweb\/","logo":{"@type":"ImageObject","inLanguage":"en-US","@id":"https:\/\/barmanero.es\/nuevaweb\/#\/schema\/logo\/image\/","url":"https:\/\/barmanero.es\/nuevaweb\/wp-content\/uploads\/2019\/07\/Logo-Manero-portada-2.png","contentUrl":"https:\/\/barmanero.es\/nuevaweb\/wp-content\/uploads\/2019\/07\/Logo-Manero-portada-2.png","width":340,"height":233,"caption":"Bar MANERO \u00b7 Tapas | Bar | Delicatessen"},"image":{"@id":"https:\/\/barmanero.es\/nuevaweb\/#\/schema\/logo\/image\/"}}]}},"_links":{"self":[{"href":"https:\/\/barmanero.es\/nuevaweb\/wp-json\/wp\/v2\/pages\/554","targetHints":{"allow":["GET"]}}],"collection":[{"href":"https:\/\/barmanero.es\/nuevaweb\/wp-json\/wp\/v2\/pages"}],"about":[{"href":"https:\/\/barmanero.es\/nuevaweb\/wp-json\/wp\/v2\/types\/page"}],"author":[{"embeddable":true,"href":"https:\/\/barmanero.es\/nuevaweb\/wp-json\/wp\/v2\/users\/5"}],"replies":[{"embeddable":true,"href":"https:\/\/barmanero.es\/nuevaweb\/wp-json\/wp\/v2\/comments?post=554"}],"version-history":[{"count":55,"href":"https:\/\/barmanero.es\/nuevaweb\/wp-json\/wp\/v2\/pages\/554\/revisions"}],"predecessor-version":[{"id":3419,"href":"https:\/\/barmanero.es\/nuevaweb\/wp-json\/wp\/v2\/pages\/554\/revisions\/3419"}],"wp:attachment":[{"href":"https:\/\/barmanero.es\/nuevaweb\/wp-json\/wp\/v2\/media?parent=554"}],"curies":[{"name":"wp","href":"https:\/\/api.w.org\/{rel}","templated":true}]}}