{"id":4984,"date":"2023-10-31T09:57:12","date_gmt":"2023-10-31T08:57:12","guid":{"rendered":"https:\/\/barmanero.es\/nuevaweb\/?page_id=4984"},"modified":"2024-04-23T11:05:08","modified_gmt":"2024-04-23T09:05:08","slug":"condiciones-de-reserva-y-politica-de-cancelacion","status":"publish","type":"page","link":"https:\/\/barmanero.es\/nuevaweb\/condiciones-de-reserva-y-politica-de-cancelacion\/","title":{"rendered":"Condiciones de Reserva y Pol\u00edtica de Cancelaci\u00f3n"},"content":{"rendered":"<div style=\"height:25px\" aria-hidden=\"true\" class=\"wp-block-spacer\"><\/div><p><strong>CONDICIONES DE RESERVA CENA NOCHEVIEJA BAR MANERO<\/strong><\/p>\n<p>\u00b7 El horario de la cena es de 20.30h a 1.00h del d\u00eda 31 de Diciembre de 2023.<br \/>\u00b7 La reserva estar\u00e1 confirmada una vez se abone el importe \u00edntegro de la opci\u00f3n elegida. <br \/>\u00b7 El pago se realizar\u00e1 mediante un enlace que se recibir\u00e1 una vez realizada la reserva.<br \/>\u00b7 Es recomendable que nos indiquen cualquier tipo de alergia o intolerancia alimenticia.<br \/>\u00b7 Su mesa no estar\u00e1 confirmada hasta que no reciba el e-mail que lo notifique.<br \/>\u00b7 Bar Manero esta noche permite la entrada de menores.<\/p><div style=\"height:10px\" aria-hidden=\"true\" class=\"wp-block-spacer\"><\/div><p><strong>POL\u00cdTICA DE CANCELACI\u00d3N<\/strong><\/p><p>El pago de la totalidad de la reserva se debe realizar en el momento de la misma, de lo contrario, se proceder\u00e1 a la cancelaci\u00f3n de dicha reserva en caso de no haberse realizado el pago.<\/p><p>La no presencia no da derecho a devoluci\u00f3n de los importes pagados de la reserva,&nbsp;tan s\u00f3lo si cancela con m\u00e1s&nbsp;de 3 d\u00edas de&nbsp;antelaci\u00f3n,&nbsp;procederemos a realizarle su devoluci\u00f3n.&nbsp;<\/p><div style=\"height:19px\" aria-hidden=\"true\" class=\"wp-block-spacer\"><\/div>","protected":false},"excerpt":{"rendered":"<p>CONDICIONES DE RESERVA CENA NOCHEVIEJA BAR MANERO \u00b7 El horario de la cena es de 20.30h a 1.00h del d\u00eda 31 de Diciembre de 2023.\u00b7 La reserva estar\u00e1 confirmada una vez se abone el importe \u00edntegro de la opci\u00f3n elegida. \u00b7 El pago se realizar\u00e1 mediante un enlace que se recibir\u00e1 una vez realizada la [&hellip;]<\/p>\n","protected":false},"author":37,"featured_media":0,"parent":0,"menu_order":0,"comment_status":"closed","ping_status":"closed","template":"","meta":{"_acf_changed":false,"footnotes":""},"class_list":["post-4984","page","type-page","status-publish","hentry"],"acf":[],"yoast_head":"<!-- This site is optimized with the Yoast SEO plugin v24.9 - https:\/\/yoast.com\/wordpress\/plugins\/seo\/ -->\n<title>Condiciones de Reserva y Pol\u00edtica de Cancelaci\u00f3n - Bar MANERO \u00b7 Tapas | Bar | Delicatessen<\/title>\n<meta name=\"robots\" content=\"index, follow, max-snippet:-1, max-image-preview:large, max-video-preview:-1\" \/>\n<link rel=\"canonical\" href=\"https:\/\/barmanero.es\/nuevaweb\/condiciones-de-reserva-y-politica-de-cancelacion\/\" \/>\n<meta property=\"og:locale\" content=\"en_US\" \/>\n<meta property=\"og:type\" content=\"article\" \/>\n<meta property=\"og:title\" content=\"Condiciones de Reserva y Pol\u00edtica de Cancelaci\u00f3n - Bar MANERO \u00b7 Tapas | Bar | Delicatessen\" \/>\n<meta property=\"og:description\" content=\"CONDICIONES DE RESERVA CENA NOCHEVIEJA BAR MANERO \u00b7 El horario de la cena es de 20.30h a 1.00h del d\u00eda 31 de Diciembre de 2023.\u00b7 La reserva estar\u00e1 confirmada una vez se abone el importe \u00edntegro de la opci\u00f3n elegida. \u00b7 El pago se realizar\u00e1 mediante un enlace que se recibir\u00e1 una vez realizada la [&hellip;]\" \/>\n<meta property=\"og:url\" content=\"https:\/\/barmanero.es\/nuevaweb\/condiciones-de-reserva-y-politica-de-cancelacion\/\" \/>\n<meta property=\"og:site_name\" content=\"Bar MANERO \u00b7 Tapas | Bar | Delicatessen\" \/>\n<meta property=\"article:modified_time\" content=\"2024-04-23T09:05:08+00:00\" \/>\n<meta name=\"twitter:card\" content=\"summary_large_image\" \/>\n<meta name=\"twitter:label1\" content=\"Est. reading time\" \/>\n\t<meta name=\"twitter:data1\" content=\"1 minute\" \/>\n<script type=\"application\/ld+json\" class=\"yoast-schema-graph\">{\"@context\":\"https:\/\/schema.org\",\"@graph\":[{\"@type\":\"WebPage\",\"@id\":\"https:\/\/barmanero.es\/nuevaweb\/condiciones-de-reserva-y-politica-de-cancelacion\/\",\"url\":\"https:\/\/barmanero.es\/nuevaweb\/condiciones-de-reserva-y-politica-de-cancelacion\/\",\"name\":\"Condiciones de Reserva y Pol\u00edtica de Cancelaci\u00f3n - Bar MANERO \u00b7 Tapas | Bar | Delicatessen\",\"isPartOf\":{\"@id\":\"https:\/\/barmanero.es\/nuevaweb\/#website\"},\"datePublished\":\"2023-10-31T08:57:12+00:00\",\"dateModified\":\"2024-04-23T09:05:08+00:00\",\"breadcrumb\":{\"@id\":\"https:\/\/barmanero.es\/nuevaweb\/condiciones-de-reserva-y-politica-de-cancelacion\/#breadcrumb\"},\"inLanguage\":\"en-US\",\"potentialAction\":[{\"@type\":\"ReadAction\",\"target\":[\"https:\/\/barmanero.es\/nuevaweb\/condiciones-de-reserva-y-politica-de-cancelacion\/\"]}]},{\"@type\":\"BreadcrumbList\",\"@id\":\"https:\/\/barmanero.es\/nuevaweb\/condiciones-de-reserva-y-politica-de-cancelacion\/#breadcrumb\",\"itemListElement\":[{\"@type\":\"ListItem\",\"position\":1,\"name\":\"Portada\",\"item\":\"https:\/\/barmanero.es\/nuevaweb\/\"},{\"@type\":\"ListItem\",\"position\":2,\"name\":\"Condiciones de Reserva y Pol\u00edtica de Cancelaci\u00f3n\"}]},{\"@type\":\"WebSite\",\"@id\":\"https:\/\/barmanero.es\/nuevaweb\/#website\",\"url\":\"https:\/\/barmanero.es\/nuevaweb\/\",\"name\":\"Bar MANERO \u00b7 Tapas | Bar | Delicatessen\",\"description\":\"Bar de Tapas y Delicatessen en Alicante. Te enamorar\u00e1 la exquisita decoraci\u00f3n y sus productos seleccionados. Amplia carta de vino por copas.\",\"publisher\":{\"@id\":\"https:\/\/barmanero.es\/nuevaweb\/#organization\"},\"potentialAction\":[{\"@type\":\"SearchAction\",\"target\":{\"@type\":\"EntryPoint\",\"urlTemplate\":\"https:\/\/barmanero.es\/nuevaweb\/?s={search_term_string}\"},\"query-input\":{\"@type\":\"PropertyValueSpecification\",\"valueRequired\":true,\"valueName\":\"search_term_string\"}}],\"inLanguage\":\"en-US\"},{\"@type\":\"Organization\",\"@id\":\"https:\/\/barmanero.es\/nuevaweb\/#organization\",\"name\":\"Bar MANERO \u00b7 Tapas | Bar | Delicatessen\",\"url\":\"https:\/\/barmanero.es\/nuevaweb\/\",\"logo\":{\"@type\":\"ImageObject\",\"inLanguage\":\"en-US\",\"@id\":\"https:\/\/barmanero.es\/nuevaweb\/#\/schema\/logo\/image\/\",\"url\":\"https:\/\/barmanero.es\/nuevaweb\/wp-content\/uploads\/2019\/07\/Logo-Manero-portada-2.png\",\"contentUrl\":\"https:\/\/barmanero.es\/nuevaweb\/wp-content\/uploads\/2019\/07\/Logo-Manero-portada-2.png\",\"width\":340,\"height\":233,\"caption\":\"Bar MANERO \u00b7 Tapas | Bar | Delicatessen\"},\"image\":{\"@id\":\"https:\/\/barmanero.es\/nuevaweb\/#\/schema\/logo\/image\/\"}}]}<\/script>\n<!-- \/ Yoast SEO plugin. -->","yoast_head_json":{"title":"Condiciones de Reserva y Pol\u00edtica de Cancelaci\u00f3n - Bar MANERO \u00b7 Tapas | Bar | Delicatessen","robots":{"index":"index","follow":"follow","max-snippet":"max-snippet:-1","max-image-preview":"max-image-preview:large","max-video-preview":"max-video-preview:-1"},"canonical":"https:\/\/barmanero.es\/nuevaweb\/condiciones-de-reserva-y-politica-de-cancelacion\/","og_locale":"en_US","og_type":"article","og_title":"Condiciones de Reserva y Pol\u00edtica de Cancelaci\u00f3n - Bar MANERO \u00b7 Tapas | Bar | Delicatessen","og_description":"CONDICIONES DE RESERVA CENA NOCHEVIEJA BAR MANERO \u00b7 El horario de la cena es de 20.30h a 1.00h del d\u00eda 31 de Diciembre de 2023.\u00b7 La reserva estar\u00e1 confirmada una vez se abone el importe \u00edntegro de la opci\u00f3n elegida. \u00b7 El pago se realizar\u00e1 mediante un enlace que se recibir\u00e1 una vez realizada la [&hellip;]","og_url":"https:\/\/barmanero.es\/nuevaweb\/condiciones-de-reserva-y-politica-de-cancelacion\/","og_site_name":"Bar MANERO \u00b7 Tapas | Bar | Delicatessen","article_modified_time":"2024-04-23T09:05:08+00:00","twitter_card":"summary_large_image","twitter_misc":{"Est. reading time":"1 minute"},"schema":{"@context":"https:\/\/schema.org","@graph":[{"@type":"WebPage","@id":"https:\/\/barmanero.es\/nuevaweb\/condiciones-de-reserva-y-politica-de-cancelacion\/","url":"https:\/\/barmanero.es\/nuevaweb\/condiciones-de-reserva-y-politica-de-cancelacion\/","name":"Condiciones de Reserva y Pol\u00edtica de Cancelaci\u00f3n - Bar MANERO \u00b7 Tapas | Bar | Delicatessen","isPartOf":{"@id":"https:\/\/barmanero.es\/nuevaweb\/#website"},"datePublished":"2023-10-31T08:57:12+00:00","dateModified":"2024-04-23T09:05:08+00:00","breadcrumb":{"@id":"https:\/\/barmanero.es\/nuevaweb\/condiciones-de-reserva-y-politica-de-cancelacion\/#breadcrumb"},"inLanguage":"en-US","potentialAction":[{"@type":"ReadAction","target":["https:\/\/barmanero.es\/nuevaweb\/condiciones-de-reserva-y-politica-de-cancelacion\/"]}]},{"@type":"BreadcrumbList","@id":"https:\/\/barmanero.es\/nuevaweb\/condiciones-de-reserva-y-politica-de-cancelacion\/#breadcrumb","itemListElement":[{"@type":"ListItem","position":1,"name":"Portada","item":"https:\/\/barmanero.es\/nuevaweb\/"},{"@type":"ListItem","position":2,"name":"Condiciones de Reserva y Pol\u00edtica de Cancelaci\u00f3n"}]},{"@type":"WebSite","@id":"https:\/\/barmanero.es\/nuevaweb\/#website","url":"https:\/\/barmanero.es\/nuevaweb\/","name":"Bar MANERO \u00b7 Tapas | Bar | Delicatessen","description":"Bar de Tapas y Delicatessen en Alicante. Te enamorar\u00e1 la exquisita decoraci\u00f3n y sus productos seleccionados. Amplia carta de vino por copas.","publisher":{"@id":"https:\/\/barmanero.es\/nuevaweb\/#organization"},"potentialAction":[{"@type":"SearchAction","target":{"@type":"EntryPoint","urlTemplate":"https:\/\/barmanero.es\/nuevaweb\/?s={search_term_string}"},"query-input":{"@type":"PropertyValueSpecification","valueRequired":true,"valueName":"search_term_string"}}],"inLanguage":"en-US"},{"@type":"Organization","@id":"https:\/\/barmanero.es\/nuevaweb\/#organization","name":"Bar MANERO \u00b7 Tapas | Bar | Delicatessen","url":"https:\/\/barmanero.es\/nuevaweb\/","logo":{"@type":"ImageObject","inLanguage":"en-US","@id":"https:\/\/barmanero.es\/nuevaweb\/#\/schema\/logo\/image\/","url":"https:\/\/barmanero.es\/nuevaweb\/wp-content\/uploads\/2019\/07\/Logo-Manero-portada-2.png","contentUrl":"https:\/\/barmanero.es\/nuevaweb\/wp-content\/uploads\/2019\/07\/Logo-Manero-portada-2.png","width":340,"height":233,"caption":"Bar MANERO \u00b7 Tapas | Bar | Delicatessen"},"image":{"@id":"https:\/\/barmanero.es\/nuevaweb\/#\/schema\/logo\/image\/"}}]}},"_links":{"self":[{"href":"https:\/\/barmanero.es\/nuevaweb\/wp-json\/wp\/v2\/pages\/4984","targetHints":{"allow":["GET"]}}],"collection":[{"href":"https:\/\/barmanero.es\/nuevaweb\/wp-json\/wp\/v2\/pages"}],"about":[{"href":"https:\/\/barmanero.es\/nuevaweb\/wp-json\/wp\/v2\/types\/page"}],"author":[{"embeddable":true,"href":"https:\/\/barmanero.es\/nuevaweb\/wp-json\/wp\/v2\/users\/37"}],"replies":[{"embeddable":true,"href":"https:\/\/barmanero.es\/nuevaweb\/wp-json\/wp\/v2\/comments?post=4984"}],"version-history":[{"count":5,"href":"https:\/\/barmanero.es\/nuevaweb\/wp-json\/wp\/v2\/pages\/4984\/revisions"}],"predecessor-version":[{"id":4990,"href":"https:\/\/barmanero.es\/nuevaweb\/wp-json\/wp\/v2\/pages\/4984\/revisions\/4990"}],"wp:attachment":[{"href":"https:\/\/barmanero.es\/nuevaweb\/wp-json\/wp\/v2\/media?parent=4984"}],"curies":[{"name":"wp","href":"https:\/\/api.w.org\/{rel}","templated":true}]}}