{"id":2441,"date":"2020-01-16T18:56:20","date_gmt":"2020-01-16T17:56:20","guid":{"rendered":"https:\/\/barmanero.es\/nuevaweb\/\/?page_id=2441"},"modified":"2024-01-15T10:13:11","modified_gmt":"2024-01-15T09:13:11","slug":"bar-manero-en-alicante","status":"publish","type":"page","link":"https:\/\/barmanero.es\/nuevaweb\/bar-manero-en-alicante\/","title":{"rendered":"BAR MANERO en ALICANTE"},"content":{"rendered":"<p>[vc_row][vc_column][title_script_vicenm fragtitles=&#8221;2441&#8243;][vc_single_image image=&#8221;2333&#8243; img_size=&#8221;full&#8221;][vc_custom_heading text=&#8221;Preparaci\u00f3n de salaz\u00f3n en la barra de Bar Manero por una de nuestras camareras.&#8221; font_container=&#8221;tag:div|font_size:16px|text_align:left|line_height:1.5&#8243; google_fonts=&#8221;font_family:Playfair%20Display%3Aregular%2Citalic%2C700%2C700italic%2C900%2C900italic|font_style:400%20regular%3A400%3Anormal&#8221; el_class=&#8221;citaimagen&#8221; css=&#8221;.vc_custom_1579082940407{padding-bottom: 25px !important;}&#8221;][vc_single_image image=&#8221;4746&#8243; img_size=&#8221;medium&#8221; alignment=&#8221;center&#8221; onclick=&#8221;custom_link&#8221; link=&#8221;https:\/\/barmanero.es\/nuevaweb\/accesos-bar-manero-2\/&#8221;][vc_empty_space height=&#8221;25px&#8221;][vc_custom_heading text=&#8221;Las vitrinas y mostradores de un ultramarinos llenas de producto delicatesen, un bar de tapas donde encontrar las mejores tapas espa\u00f1olas con un toque gourmet, una cocteler\u00eda donde poder disfrutar un excelente combinado, el estilo de los mejores caf\u00e9s y bistr\u00f3s cl\u00e1sicos europeos, un winebar donde degustar los mejores vinos y tambi\u00e9n por copas, la sede del Club Dom Perignon? Son muchos los motivos para no perderte el primer Bar Manero.&#8221; font_container=&#8221;tag:h2|font_size:20px|text_align:center&#8221; use_theme_fonts=&#8221;yes&#8221; el_class=&#8221;subtitulo&#8221; css=&#8221;.vc_custom_1662976875721{padding-top: 5px !important;padding-bottom: 10px !important;}&#8221;][vc_column_text]<\/p>\n<hr \/>\n<p><strong>Al atravesar la puerta del BAR MANERO, nos transportamos instant\u00e1neamente al esp\u00edritu sibarita representado en los bares y restaurantes europeos de finales del siglo XIX y principios del XX. Una cuidada selecci\u00f3n de productos, est\u00e1n expuestos, se preparan y sirven en diferentes puntos de la barra especializados en charcuter\u00eda, mariscos, ensaladas, etc?<\/strong><\/p>\n<hr \/>\n<p>[\/vc_column_text][vc_empty_space height=&#8221;20px&#8221;][\/vc_column][\/vc_row][vc_row el_class=&#8221;galeriactores&#8221;][vc_column][vc_empty_space height=&#8221;35px&#8221;][galeriapswp imagen=&#8221;2540,2542,5282,5284,5280&#8243; elmxrow=&#8221;2&#8243;][vc_raw_js]JTNDc2NyaXB0JTNFJTBBJTNCJTI4ZnVuY3Rpb24lMjglMjQlMjklMjAlN0IlMEElMjAlMjAlMjAlMjAlMjAlMjAlMjQlMjglMjclMjNwYWdlJTI3JTI5LmltYWdlc0xvYWRlZCUyOCUyMCU3QiUwQSUwQSUyMCUyMCU3RCUyQyUwQSUyMCUyMGZ1bmN0aW9uJTI4JTI5JTIwJTdCJTBBaWYlMjAlMjglMjQlMjglMjIuZ2FsZXJpYWN0b3JlcyUyMC52Y19jYXJyb3VzZWwlMjIlMjkubGVuZ3RoJTI5JTIwJTdCJTBBJTIwJTIwY29uc29sZS5sb2clMjglMjQlMjglMjIuZ2FsZXJpYWN0b3JlcyUyMC52Y19jYXJyb3VzZWwlMjBmaWd1cmUlM0FmaXJzdC1jaGlsZCUyMGElMjAucGhvdG8lMjIlMjkuaGVpZ2h0JTI4JTI5JTI5JTNCJTBBJTI0JTI4JTIyLmdhbGVyaWFjdG9yZXMlMjAudmNfY2Fycm91c2VsJTIwZmlndXJlJTIwYSUyMC5waG90byUyMiUyOS5oZWlnaHQlMjglMjQlMjglMjIuZ2FsZXJpYWN0b3JlcyUyMC52Y19jYXJyb3VzZWwlMjBmaWd1cmUlM0FmaXJzdC1jaGlsZCUyMGElMjAucGhvdG8lMjIlMjkuaGVpZ2h0JTI4JTI5JTJCJTIycHglMjIlMjklMEElN0QlMEElN0QlMjklM0IlMEElN0QlMjklMjhqUXVlcnklMjklM0IlMEElM0MlMkZzY3JpcHQlM0U=[\/vc_raw_js][\/vc_column][\/vc_row][vc_row][vc_column][vc_column_text]El ir a tapear a una barra, forma parte de la m\u00e1s arraigada tradici\u00f3n gastron\u00f3mica espa\u00f1ola. Como parte de esa cultura, el ir a tomar un simple aperitivo y despu\u00e9s animarse a continuar con unas tapas y una copa de vino, y al final darse cuenta que con un postre uno ya ha comido, es algo muy habitual para un espa\u00f1ol. Como parte de nuestra diversidad, existen multitud de platos y productos t\u00edpicos que forman parte de nuestro patrimonio gastron\u00f3mico y que merecen disfrutarse manteniendo la mejor excelencia. Por ello, el Bar Manero ha querido recoger el testigo de toda nuestra cultura del tapeo y ofrecer a sus amantes un espacio dedicado al mismo; pero manteniendo una impecable selecci\u00f3n de la materia prima y a\u00f1adi\u00e9ndole valores tan importantes como un espacio impecable que sea testigo de los mejores caf\u00e9s y tabernas ilustradas espa\u00f1olas, adem\u00e1s de un servicio cuidado y atento al cliente.<\/p>\n<p>No solo las tapas son el motivo para visitar el Bar Manero. Una extensa bodega y la posibilidad de poder disfrutar de ella por copas, proporcionan la posibilidad de ampliar en cada visita, el degustar cada tapa o postre como se merece. Tambi\u00e9n el servicio de cocteler\u00eda o la m\u00fasica que el mismo espacio gestiona a trav\u00e9s de su propio equipo Loves Music, consiguen que quien nos visita pueda encontrar una experiencia \u00fanica. Por no olvidar productos tan t\u00edpicos de la zona como los turrones, el marisco de lonja, las frutas y verduras de temporada, y dulces como el turr\u00f3n artesanal. Tambi\u00e9n, una amplia familia de productos MANERO, podr\u00e1n no solo consumirse en el propio bar, tambi\u00e9n podr\u00e1s llev\u00e1rtelos a casa, ya que est\u00e1n a la venta. Sea como sea, en MANERO puedes sentir que siempre tienes una nueva excusa para regresar.<\/p>\n<p>El Club Manero Dom Perignon, por \u00faltimo, es la peque\u00f1a joya que se esconde en el coraz\u00f3n del Bar Manero. Un espacio secreto en el que poder disfrutar de una amplia selecci\u00f3n de la centenaria <em>maison<\/em> francesa originaria del siglo XVII. En \u00e9l, una capilla \u00edntima est\u00e1 reservada para el exclusivo consumo del Champagne Dom Perignon.<\/p>\n<hr \/>\n<p>\u00bfD\u00f3nde encontrarlo?: <a href=\"https:\/\/goo.gl\/maps\/L5uUgBsR8hTRSKC48\" target=\"_blank\" rel=\"noopener noreferrer\">Calle M\u00e9dico Manero Moll\u00e0 7 (Alicante).<\/a>[\/vc_column_text][share_script_vicenm][\/vc_column][\/vc_row][vc_row][vc_column offset=&#8221;vc_hidden-lg vc_hidden-md&#8221;][vc_column_text css=&#8221;.vc_custom_1683612519367{margin-bottom: 15px !important;}&#8221;]<\/p>\n<p style=\"text-align: center; font-family: soriasoria;\"><a href=\"https:\/\/glovoapp.com\/es\/es\/alicante\/bar-manero-alicante\/\" target=\"_blank\" rel=\"noopener noreferrer\">&gt;TAKE AWAY&lt;<\/a><\/p>\n<p style=\"text-align: center; font-family: soriasoria;\"><a href=\"https:\/\/glovoapp.com\/es\/es\/alicante\/bar-manero-alicante\/\" target=\"_blank\" rel=\"noopener noreferrer\">&gt;DELIVERY&lt;<\/a><\/p>\n<p>[\/vc_column_text][vc_empty_space height=&#8221;30px&#8221;][vc_column_text]<\/p>\n<section class=\"widget widget_text\">\n<h4 class=\"widget-title\">Horario BAR MANERO ALICANTE<\/h4>\n<div class=\"textwidget\">\n<p><a href=\"https:\/\/www.google.es\/search?q=manero+Alicante+horario\" target=\"_blank\" rel=\"noopener noreferrer\">CLIC PARA VER HORARIO ACTUALIZADO<\/a><\/div>\n<\/section>\n<p>[\/vc_column_text][vc_column_text]<\/p>\n<section id=\"text-6\" class=\"widget widget_text\">\n<h4 class=\"widget-title\">Direcci\u00f3n Bar MANERO ALICANTE<\/h4>\n<div class=\"textwidget\">\n<p><a href=\"https:\/\/goo.gl\/maps\/L5uUgBsR8hTRSKC48\" target=\"_blank\" rel=\"noopener noreferrer\">C\/ Manero Moll\u00e1 7<br \/>\n03001 Alicante<\/a><br \/>\n<a href=\"tel:\/\/0034966601132\">+34 966 601 132<\/a><\/div>\n<\/section>\n<p>[\/vc_column_text][vc_single_image image=&#8221;1070&#8243; img_size=&#8221;full&#8221; onclick=&#8221;custom_link&#8221; img_link_target=&#8221;_blank&#8221; link=&#8221;https:\/\/www.instagram.com\/BarManero\/&#8221;][\/vc_column][\/vc_row][vc_row disable_element=&#8221;yes&#8221;][vc_column][vc_raw_js]JTNDc2NyaXB0JTIwdHlwZSUzRCUyMnRleHQlMkZqYXZhc2NyaXB0JTIyJTNFJTBBJTBBd2luZG93LlRyZW5nbyUyMCUzRCUyMHdpbmRvdy5UcmVuZ28lMjAlN0MlN0MlMjAlN0IlN0QlM0IlMEElMEF3aW5kb3cuVHJlbmdvLmtleSUyMCUzRCUyMCUyN2M4ekd5bmRXZHdUb2k5YkNnZmRDJTI3JTNCJTBBJTBBJTI4ZnVuY3Rpb24lMjhkJTJDJTIwc2NyaXB0JTJDJTIwdCUyOSUyMCU3QiUwQSUwQSUyMCUyMCUyMCUyMHNjcmlwdCUyMCUzRCUyMGQuY3JlYXRlRWxlbWVudCUyOCUyN3NjcmlwdCUyNyUyOSUzQiUwQSUwQSUyMCUyMCUyMCUyMHNjcmlwdC50eXBlJTIwJTNEJTIwJTI3dGV4dCUyRmphdmFzY3JpcHQlMjclM0IlMEElMEElMjAlMjAlMjAlMjBzY3JpcHQuYXN5bmMlMjAlM0QlMjB0cnVlJTNCJTBBJTBBJTIwJTIwJTIwJTIwc2NyaXB0LnNyYyUyMCUzRCUyMCUyN2h0dHBzJTNBJTJGJTJGc3RhdGljLndpZGdldC50cmVuZ28uZXUlMkZlbWJlZC5qcyUyNyUzQiUwQSUwQSUyMCUyMCUyMCUyMGQuZ2V0RWxlbWVudHNCeVRhZ05hbWUlMjglMjdoZWFkJTI3JTI5JTVCMCU1RC5hcHBlbmRDaGlsZCUyOHNjcmlwdCUyOSUzQiUwQSUwQSU3RCUyOGRvY3VtZW50JTI5JTI5JTNCJTBBJTBBJTNDJTJGc2NyaXB0JTNF[\/vc_raw_js][\/vc_column][\/vc_row]<\/p>\n","protected":false},"excerpt":{"rendered":"<p>[vc_row][vc_column][title_script_vicenm fragtitles=&#8221;2441&#8243;][vc_single_image image=&#8221;2333&#8243; img_size=&#8221;full&#8221;][vc_custom_heading text=&#8221;Preparaci\u00f3n de salaz\u00f3n en la barra de Bar Manero por una de nuestras camareras.&#8221; font_container=&#8221;tag:div|font_size:16px|text_align:left|line_height:1.5&#8243; google_fonts=&#8221;font_family:Playfair%20Display%3Aregular%2Citalic%2C700%2C700italic%2C900%2C900italic|font_style:400%20regular%3A400%3Anormal&#8221; el_class=&#8221;citaimagen&#8221; css=&#8221;.vc_custom_1579082940407{padding-bottom: 25px !important;}&#8221;][vc_single_image image=&#8221;4746&#8243; img_size=&#8221;medium&#8221; alignment=&#8221;center&#8221; onclick=&#8221;custom_link&#8221; link=&#8221;https:\/\/barmanero.es\/nuevaweb\/accesos-bar-manero-2\/&#8221;][vc_empty_space height=&#8221;25px&#8221;][vc_custom_heading text=&#8221;Las vitrinas y mostradores de un ultramarinos llenas de producto delicatesen, un bar de tapas donde encontrar las mejores tapas espa\u00f1olas con un toque gourmet, [&hellip;]<\/p>\n","protected":false},"author":3,"featured_media":0,"parent":0,"menu_order":0,"comment_status":"closed","ping_status":"closed","template":"","meta":{"_acf_changed":false,"footnotes":""},"class_list":["post-2441","page","type-page","status-publish","hentry"],"acf":[],"yoast_head":"<!-- This site is optimized with the Yoast SEO plugin v24.9 - https:\/\/yoast.com\/wordpress\/plugins\/seo\/ -->\n<title>BAR MANERO en ALICANTE - Bar MANERO \u00b7 Tapas | Bar | Delicatessen<\/title>\n<meta name=\"robots\" content=\"index, follow, max-snippet:-1, max-image-preview:large, max-video-preview:-1\" \/>\n<link rel=\"canonical\" href=\"https:\/\/barmanero.es\/nuevaweb\/bar-manero-en-alicante\/\" \/>\n<meta property=\"og:locale\" content=\"en_US\" \/>\n<meta property=\"og:type\" content=\"article\" \/>\n<meta property=\"og:title\" content=\"BAR MANERO en ALICANTE - Bar MANERO \u00b7 Tapas | Bar | Delicatessen\" \/>\n<meta property=\"og:description\" content=\"[vc_row][vc_column][title_script_vicenm fragtitles=&#8221;2441&#8243;][vc_single_image image=&#8221;2333&#8243; img_size=&#8221;full&#8221;][vc_custom_heading text=&#8221;Preparaci\u00f3n de salaz\u00f3n en la barra de Bar Manero por una de nuestras camareras.&#8221; font_container=&#8221;tag:div|font_size:16px|text_align:left|line_height:1.5&#8243; google_fonts=&#8221;font_family:Playfair%20Display%3Aregular%2Citalic%2C700%2C700italic%2C900%2C900italic|font_style:400%20regular%3A400%3Anormal&#8221; el_class=&#8221;citaimagen&#8221; css=&#8221;.vc_custom_1579082940407{padding-bottom: 25px !important;}&#8221;][vc_single_image image=&#8221;4746&#8243; img_size=&#8221;medium&#8221; alignment=&#8221;center&#8221; onclick=&#8221;custom_link&#8221; link=&#8221;https:\/\/barmanero.es\/nuevaweb\/accesos-bar-manero-2\/&#8221;][vc_empty_space height=&#8221;25px&#8221;][vc_custom_heading text=&#8221;Las vitrinas y mostradores de un ultramarinos llenas de producto delicatesen, un bar de tapas donde encontrar las mejores tapas espa\u00f1olas con un toque gourmet, [&hellip;]\" \/>\n<meta property=\"og:url\" content=\"https:\/\/barmanero.es\/nuevaweb\/bar-manero-en-alicante\/\" \/>\n<meta property=\"og:site_name\" content=\"Bar MANERO \u00b7 Tapas | Bar | Delicatessen\" \/>\n<meta property=\"article:modified_time\" content=\"2024-01-15T09:13:11+00:00\" \/>\n<meta name=\"twitter:card\" content=\"summary_large_image\" \/>\n<meta name=\"twitter:label1\" content=\"Est. reading time\" \/>\n\t<meta name=\"twitter:data1\" content=\"3 minutes\" \/>\n<script type=\"application\/ld+json\" class=\"yoast-schema-graph\">{\"@context\":\"https:\/\/schema.org\",\"@graph\":[{\"@type\":\"WebPage\",\"@id\":\"https:\/\/barmanero.es\/nuevaweb\/bar-manero-en-alicante\/\",\"url\":\"https:\/\/barmanero.es\/nuevaweb\/bar-manero-en-alicante\/\",\"name\":\"BAR MANERO en ALICANTE - Bar MANERO \u00b7 Tapas | Bar | Delicatessen\",\"isPartOf\":{\"@id\":\"https:\/\/barmanero.es\/nuevaweb\/#website\"},\"datePublished\":\"2020-01-16T17:56:20+00:00\",\"dateModified\":\"2024-01-15T09:13:11+00:00\",\"breadcrumb\":{\"@id\":\"https:\/\/barmanero.es\/nuevaweb\/bar-manero-en-alicante\/#breadcrumb\"},\"inLanguage\":\"en-US\",\"potentialAction\":[{\"@type\":\"ReadAction\",\"target\":[\"https:\/\/barmanero.es\/nuevaweb\/bar-manero-en-alicante\/\"]}]},{\"@type\":\"BreadcrumbList\",\"@id\":\"https:\/\/barmanero.es\/nuevaweb\/bar-manero-en-alicante\/#breadcrumb\",\"itemListElement\":[{\"@type\":\"ListItem\",\"position\":1,\"name\":\"Portada\",\"item\":\"https:\/\/barmanero.es\/nuevaweb\/\"},{\"@type\":\"ListItem\",\"position\":2,\"name\":\"BAR MANERO en ALICANTE\"}]},{\"@type\":\"WebSite\",\"@id\":\"https:\/\/barmanero.es\/nuevaweb\/#website\",\"url\":\"https:\/\/barmanero.es\/nuevaweb\/\",\"name\":\"Bar MANERO \u00b7 Tapas | Bar | Delicatessen\",\"description\":\"Bar de Tapas y Delicatessen en Alicante. Te enamorar\u00e1 la exquisita decoraci\u00f3n y sus productos seleccionados. Amplia carta de vino por copas.\",\"publisher\":{\"@id\":\"https:\/\/barmanero.es\/nuevaweb\/#organization\"},\"potentialAction\":[{\"@type\":\"SearchAction\",\"target\":{\"@type\":\"EntryPoint\",\"urlTemplate\":\"https:\/\/barmanero.es\/nuevaweb\/?s={search_term_string}\"},\"query-input\":{\"@type\":\"PropertyValueSpecification\",\"valueRequired\":true,\"valueName\":\"search_term_string\"}}],\"inLanguage\":\"en-US\"},{\"@type\":\"Organization\",\"@id\":\"https:\/\/barmanero.es\/nuevaweb\/#organization\",\"name\":\"Bar MANERO \u00b7 Tapas | Bar | Delicatessen\",\"url\":\"https:\/\/barmanero.es\/nuevaweb\/\",\"logo\":{\"@type\":\"ImageObject\",\"inLanguage\":\"en-US\",\"@id\":\"https:\/\/barmanero.es\/nuevaweb\/#\/schema\/logo\/image\/\",\"url\":\"https:\/\/barmanero.es\/nuevaweb\/wp-content\/uploads\/2019\/07\/Logo-Manero-portada-2.png\",\"contentUrl\":\"https:\/\/barmanero.es\/nuevaweb\/wp-content\/uploads\/2019\/07\/Logo-Manero-portada-2.png\",\"width\":340,\"height\":233,\"caption\":\"Bar MANERO \u00b7 Tapas | Bar | Delicatessen\"},\"image\":{\"@id\":\"https:\/\/barmanero.es\/nuevaweb\/#\/schema\/logo\/image\/\"}}]}<\/script>\n<!-- \/ Yoast SEO plugin. -->","yoast_head_json":{"title":"BAR MANERO en ALICANTE - Bar MANERO \u00b7 Tapas | Bar | Delicatessen","robots":{"index":"index","follow":"follow","max-snippet":"max-snippet:-1","max-image-preview":"max-image-preview:large","max-video-preview":"max-video-preview:-1"},"canonical":"https:\/\/barmanero.es\/nuevaweb\/bar-manero-en-alicante\/","og_locale":"en_US","og_type":"article","og_title":"BAR MANERO en ALICANTE - Bar MANERO \u00b7 Tapas | Bar | Delicatessen","og_description":"[vc_row][vc_column][title_script_vicenm fragtitles=&#8221;2441&#8243;][vc_single_image image=&#8221;2333&#8243; img_size=&#8221;full&#8221;][vc_custom_heading text=&#8221;Preparaci\u00f3n de salaz\u00f3n en la barra de Bar Manero por una de nuestras camareras.&#8221; font_container=&#8221;tag:div|font_size:16px|text_align:left|line_height:1.5&#8243; google_fonts=&#8221;font_family:Playfair%20Display%3Aregular%2Citalic%2C700%2C700italic%2C900%2C900italic|font_style:400%20regular%3A400%3Anormal&#8221; el_class=&#8221;citaimagen&#8221; css=&#8221;.vc_custom_1579082940407{padding-bottom: 25px !important;}&#8221;][vc_single_image image=&#8221;4746&#8243; img_size=&#8221;medium&#8221; alignment=&#8221;center&#8221; onclick=&#8221;custom_link&#8221; link=&#8221;https:\/\/barmanero.es\/nuevaweb\/accesos-bar-manero-2\/&#8221;][vc_empty_space height=&#8221;25px&#8221;][vc_custom_heading text=&#8221;Las vitrinas y mostradores de un ultramarinos llenas de producto delicatesen, un bar de tapas donde encontrar las mejores tapas espa\u00f1olas con un toque gourmet, [&hellip;]","og_url":"https:\/\/barmanero.es\/nuevaweb\/bar-manero-en-alicante\/","og_site_name":"Bar MANERO \u00b7 Tapas | Bar | Delicatessen","article_modified_time":"2024-01-15T09:13:11+00:00","twitter_card":"summary_large_image","twitter_misc":{"Est. reading time":"3 minutes"},"schema":{"@context":"https:\/\/schema.org","@graph":[{"@type":"WebPage","@id":"https:\/\/barmanero.es\/nuevaweb\/bar-manero-en-alicante\/","url":"https:\/\/barmanero.es\/nuevaweb\/bar-manero-en-alicante\/","name":"BAR MANERO en ALICANTE - Bar MANERO \u00b7 Tapas | Bar | Delicatessen","isPartOf":{"@id":"https:\/\/barmanero.es\/nuevaweb\/#website"},"datePublished":"2020-01-16T17:56:20+00:00","dateModified":"2024-01-15T09:13:11+00:00","breadcrumb":{"@id":"https:\/\/barmanero.es\/nuevaweb\/bar-manero-en-alicante\/#breadcrumb"},"inLanguage":"en-US","potentialAction":[{"@type":"ReadAction","target":["https:\/\/barmanero.es\/nuevaweb\/bar-manero-en-alicante\/"]}]},{"@type":"BreadcrumbList","@id":"https:\/\/barmanero.es\/nuevaweb\/bar-manero-en-alicante\/#breadcrumb","itemListElement":[{"@type":"ListItem","position":1,"name":"Portada","item":"https:\/\/barmanero.es\/nuevaweb\/"},{"@type":"ListItem","position":2,"name":"BAR MANERO en ALICANTE"}]},{"@type":"WebSite","@id":"https:\/\/barmanero.es\/nuevaweb\/#website","url":"https:\/\/barmanero.es\/nuevaweb\/","name":"Bar MANERO \u00b7 Tapas | Bar | Delicatessen","description":"Bar de Tapas y Delicatessen en Alicante. Te enamorar\u00e1 la exquisita decoraci\u00f3n y sus productos seleccionados. Amplia carta de vino por copas.","publisher":{"@id":"https:\/\/barmanero.es\/nuevaweb\/#organization"},"potentialAction":[{"@type":"SearchAction","target":{"@type":"EntryPoint","urlTemplate":"https:\/\/barmanero.es\/nuevaweb\/?s={search_term_string}"},"query-input":{"@type":"PropertyValueSpecification","valueRequired":true,"valueName":"search_term_string"}}],"inLanguage":"en-US"},{"@type":"Organization","@id":"https:\/\/barmanero.es\/nuevaweb\/#organization","name":"Bar MANERO \u00b7 Tapas | Bar | Delicatessen","url":"https:\/\/barmanero.es\/nuevaweb\/","logo":{"@type":"ImageObject","inLanguage":"en-US","@id":"https:\/\/barmanero.es\/nuevaweb\/#\/schema\/logo\/image\/","url":"https:\/\/barmanero.es\/nuevaweb\/wp-content\/uploads\/2019\/07\/Logo-Manero-portada-2.png","contentUrl":"https:\/\/barmanero.es\/nuevaweb\/wp-content\/uploads\/2019\/07\/Logo-Manero-portada-2.png","width":340,"height":233,"caption":"Bar MANERO \u00b7 Tapas | Bar | Delicatessen"},"image":{"@id":"https:\/\/barmanero.es\/nuevaweb\/#\/schema\/logo\/image\/"}}]}},"_links":{"self":[{"href":"https:\/\/barmanero.es\/nuevaweb\/wp-json\/wp\/v2\/pages\/2441","targetHints":{"allow":["GET"]}}],"collection":[{"href":"https:\/\/barmanero.es\/nuevaweb\/wp-json\/wp\/v2\/pages"}],"about":[{"href":"https:\/\/barmanero.es\/nuevaweb\/wp-json\/wp\/v2\/types\/page"}],"author":[{"embeddable":true,"href":"https:\/\/barmanero.es\/nuevaweb\/wp-json\/wp\/v2\/users\/3"}],"replies":[{"embeddable":true,"href":"https:\/\/barmanero.es\/nuevaweb\/wp-json\/wp\/v2\/comments?post=2441"}],"version-history":[{"count":46,"href":"https:\/\/barmanero.es\/nuevaweb\/wp-json\/wp\/v2\/pages\/2441\/revisions"}],"predecessor-version":[{"id":5287,"href":"https:\/\/barmanero.es\/nuevaweb\/wp-json\/wp\/v2\/pages\/2441\/revisions\/5287"}],"wp:attachment":[{"href":"https:\/\/barmanero.es\/nuevaweb\/wp-json\/wp\/v2\/media?parent=2441"}],"curies":[{"name":"wp","href":"https:\/\/api.w.org\/{rel}","templated":true}]}}